{"id":100,"date":"2017-05-06T11:40:06","date_gmt":"2017-05-06T11:40:06","guid":{"rendered":"http:\/\/uko7000.com\/?page_id=100"},"modified":"2017-08-03T15:05:17","modified_gmt":"2017-08-03T15:05:17","slug":"usa","status":"publish","type":"page","link":"https:\/\/uko7000.com\/en\/usa\/","title":{"rendered":"USA"},"content":{"rendered":"<h3>The Land<\/h3>\n<p>Endlose Pr\u00e4rie, unbegrenzte M\u00f6glichkeiten, Wild Wild Pursuit of Happiness &#8211; f\u00fcr viele Menschen sind die USA d<span style=\"line-height: 1.5;\">as ultimative Land schlechthin. Needless to say: Um dieser Faszination zu erliegen, muss man nicht mal Amerikanistik studiert haben. Habe ich aber. Und irgendwann im Verlauf dessen &#8211; wahrscheinlich im Rahmen eines Seminars zur Beat Generation &#8211; hatte ich mir in den Kopf gesetzt, die USA einmal von der West- bis zur Ostk\u00fcste zu durchfahren. Wie Jack Kerouac &#8220;on the road&#8221; in den Sonnenuntergang fahren, fahren, fahren, nicht auf der Autobahn, sondern auf dem Highway. Mit Ende des Studiums ging dieser Traum ein bisschen versch\u00fctt unter den Realit\u00e4ten des Joblifes und der amerikanischen Paranoia in der Folge von 9\/11. Lediglich ein l\u00e4ngerer Trip nach Kalifornien inklusive einer Fahrt von Frisco nach San Diego auf dem Highway One sprang in den 2000ern heraus. Aber im Jahr 2016 war es dann so weit: mit dem Planwagen (Camper) von Florida nach California, 6.600 Kilometer on the road.<\/span><\/p>\n","protected":false},"excerpt":{"rendered":"<p>The Land Endlose Pr\u00e4rie, unbegrenzte M\u00f6glichkeiten, Wild Wild Pursuit of Happiness &#8211; f\u00fcr viele Menschen sind die USA das ultimative Land schlechthin. Needless to say: Um dieser Faszination zu erliegen, muss man nicht mal Amerikanistik studiert haben. Habe ich aber. Und irgendwann im Verlauf dessen &#8211; wahrscheinlich im Rahmen eines Seminars zur Beat Generation &#8211; [&hellip;]<\/p>\n","protected":false},"author":1,"featured_media":46,"parent":0,"menu_order":0,"comment_status":"closed","ping_status":"closed","template":"","meta":{"_crdt_document":"","footnotes":""},"class_list":["post-100","page","type-page","status-publish","has-post-thumbnail","hentry"],"translation":{"provider":"WPGlobus","version":"3.0.2","language":"en","enabled_languages":["de","en"],"languages":{"de":{"title":true,"content":true,"excerpt":false},"en":{"title":false,"content":false,"excerpt":false}}},"jetpack_sharing_enabled":true,"_links":{"self":[{"href":"https:\/\/uko7000.com\/en\/wp-json\/wp\/v2\/pages\/100","targetHints":{"allow":["GET"]}}],"collection":[{"href":"https:\/\/uko7000.com\/en\/wp-json\/wp\/v2\/pages"}],"about":[{"href":"https:\/\/uko7000.com\/en\/wp-json\/wp\/v2\/types\/page"}],"author":[{"embeddable":true,"href":"https:\/\/uko7000.com\/en\/wp-json\/wp\/v2\/users\/1"}],"replies":[{"embeddable":true,"href":"https:\/\/uko7000.com\/en\/wp-json\/wp\/v2\/comments?post=100"}],"version-history":[{"count":4,"href":"https:\/\/uko7000.com\/en\/wp-json\/wp\/v2\/pages\/100\/revisions"}],"predecessor-version":[{"id":649,"href":"https:\/\/uko7000.com\/en\/wp-json\/wp\/v2\/pages\/100\/revisions\/649"}],"wp:featuredmedia":[{"embeddable":true,"href":"https:\/\/uko7000.com\/en\/wp-json\/wp\/v2\/media\/46"}],"wp:attachment":[{"href":"https:\/\/uko7000.com\/en\/wp-json\/wp\/v2\/media?parent=100"}],"curies":[{"name":"wp","href":"https:\/\/api.w.org\/{rel}","templated":true}]}}