{"id":102,"date":"2017-05-06T12:05:10","date_gmt":"2017-05-06T12:05:10","guid":{"rendered":"http:\/\/uko7000.com\/?page_id=102"},"modified":"2017-06-13T11:33:30","modified_gmt":"2017-06-13T11:33:30","slug":"kuba","status":"publish","type":"page","link":"https:\/\/uko7000.com\/en\/kuba\/","title":{"rendered":"Kuba"},"content":{"rendered":"<h3>Viva la Revoluci\u00f2n!<\/h3>\n<p>Dezember 2015: Fidel Castro lebt und beschimpft die USA, Bruder Raul leitet die Regierungsgesch\u00e4fte, in Kuba herrscht noch immer der trotzige Geist der\u00a0Revolution &#8211; und in vielen Gesch\u00e4ften g\u00e4hnende Leere. Wer zur Hauptsaison ein Auto mieten will, muss dies Wochen vorher anmelden und erh\u00e4lt mit Gl\u00fcck einen halbwegs fahrt\u00fcchtigen chinesischen Geely. Wer authentisches kubanisches Lebensgef\u00fchl versp\u00fcren m\u00f6chte, sollte abseits der staatlich gef\u00fchrten Hotels an den staatlich kontrollierten Str\u00e4nden oder City-Hotspots lieber\u00a0in den privat gef\u00fchrten Casas Particulares unterkommen. Und wer zwischen Havanna und Santiago de Cuba einen m\u00f6glichst gro\u00dfen Teil der Insel in knapp 3 Wochen mit dem Auto erfahren m\u00f6chte, muss sich auf einen harten und zerm\u00fcrbenden Gegner einstellen: Kubas Stra\u00dfen.<\/p>\n<p>Karibisch relaxen geht sicher anders. Wir haben es trotzdem gemacht\u00a0&#8211; und sind mit unglaublichen Eindr\u00fccken und tollen Erinnerungen belohnt worden.<\/p>\n<p><em>tbc&#8230;<\/em><\/p>\n<figure id=\"attachment_232\" aria-describedby=\"caption-attachment-232\" style=\"width: 768px\" class=\"wp-caption alignleft\"><a href=\"https:\/\/i0.wp.com\/uko7000.com\/wp-content\/uploads\/2017\/06\/14-Kuba_02_043.jpg\"><img data-recalc-dims=\"1\" loading=\"lazy\" decoding=\"async\" class=\"wp-image-232 size-large\" src=\"https:\/\/i0.wp.com\/uko7000.com\/wp-content\/uploads\/2017\/06\/14-Kuba_02_043-4032x2688.jpg?resize=768%2C512\" alt=\"\" width=\"768\" height=\"512\" srcset=\"https:\/\/i0.wp.com\/uko7000.com\/wp-content\/uploads\/2017\/06\/14-Kuba_02_043.jpg?resize=4032%2C2688&amp;ssl=1 4032w, https:\/\/i0.wp.com\/uko7000.com\/wp-content\/uploads\/2017\/06\/14-Kuba_02_043.jpg?resize=300%2C200&amp;ssl=1 300w, https:\/\/i0.wp.com\/uko7000.com\/wp-content\/uploads\/2017\/06\/14-Kuba_02_043.jpg?resize=768%2C512&amp;ssl=1 768w, https:\/\/i0.wp.com\/uko7000.com\/wp-content\/uploads\/2017\/06\/14-Kuba_02_043.jpg?w=1536&amp;ssl=1 1536w, https:\/\/i0.wp.com\/uko7000.com\/wp-content\/uploads\/2017\/06\/14-Kuba_02_043.jpg?w=2304&amp;ssl=1 2304w\" sizes=\"auto, (max-width: 768px) 100vw, 768px\" \/><\/a><figcaption id=\"caption-attachment-232\" class=\"wp-caption-text\">Ebenfalls gew\u00f6hnungsbed\u00fcrftig: \u00d6ffentlicher Personennahverkehr in Santiago de Cuba<\/figcaption><\/figure>\n<p>&nbsp;<\/p>\n<p>&nbsp;<\/p>\n<p>&nbsp;<\/p>\n<p>&nbsp;<\/p>\n","protected":false},"excerpt":{"rendered":"<p>Viva la Revoluci\u00f2n! Dezember 2015: Fidel Castro lebt und beschimpft die USA, Bruder Raul leitet die Regierungsgesch\u00e4fte, in Kuba herrscht noch immer der trotzige Geist der\u00a0Revolution &#8211; und in vielen Gesch\u00e4ften g\u00e4hnende Leere. Wer zur Hauptsaison ein Auto mieten will, muss dies Wochen vorher anmelden und erh\u00e4lt mit Gl\u00fcck einen halbwegs fahrt\u00fcchtigen chinesischen Geely. Wer [&hellip;]<\/p>\n","protected":false},"author":1,"featured_media":250,"parent":0,"menu_order":0,"comment_status":"closed","ping_status":"closed","template":"","meta":{"_crdt_document":"","footnotes":""},"class_list":["post-102","page","type-page","status-publish","has-post-thumbnail","hentry"],"translation":{"provider":"WPGlobus","version":"3.0.2","language":"en","enabled_languages":["de","en"],"languages":{"de":{"title":true,"content":true,"excerpt":false},"en":{"title":false,"content":false,"excerpt":false}}},"jetpack_sharing_enabled":true,"_links":{"self":[{"href":"https:\/\/uko7000.com\/en\/wp-json\/wp\/v2\/pages\/102","targetHints":{"allow":["GET"]}}],"collection":[{"href":"https:\/\/uko7000.com\/en\/wp-json\/wp\/v2\/pages"}],"about":[{"href":"https:\/\/uko7000.com\/en\/wp-json\/wp\/v2\/types\/page"}],"author":[{"embeddable":true,"href":"https:\/\/uko7000.com\/en\/wp-json\/wp\/v2\/users\/1"}],"replies":[{"embeddable":true,"href":"https:\/\/uko7000.com\/en\/wp-json\/wp\/v2\/comments?post=102"}],"version-history":[{"count":14,"href":"https:\/\/uko7000.com\/en\/wp-json\/wp\/v2\/pages\/102\/revisions"}],"predecessor-version":[{"id":376,"href":"https:\/\/uko7000.com\/en\/wp-json\/wp\/v2\/pages\/102\/revisions\/376"}],"wp:featuredmedia":[{"embeddable":true,"href":"https:\/\/uko7000.com\/en\/wp-json\/wp\/v2\/media\/250"}],"wp:attachment":[{"href":"https:\/\/uko7000.com\/en\/wp-json\/wp\/v2\/media?parent=102"}],"curies":[{"name":"wp","href":"https:\/\/api.w.org\/{rel}","templated":true}]}}