{"id":1266,"date":"2018-04-12T15:33:27","date_gmt":"2018-04-12T15:33:27","guid":{"rendered":"http:\/\/uko7000.com\/?page_id=1266"},"modified":"2018-07-08T13:47:48","modified_gmt":"2018-07-08T13:47:48","slug":"mirissa","status":"publish","type":"page","link":"https:\/\/uko7000.com\/en\/sri-lanka\/mirissa\/","title":{"rendered":"Mirissa &#8211; the Beach, the Birds, the Beauty"},"content":{"rendered":"<p>Weit unten im S\u00fcden Sri Lankas liegt der beliebte Touri-Ort Mirissa. Angesagt bei Backpackern und Sonnenanbetern gleicherma\u00dfen, besticht Mirissa durch einen der aufregendsten Str\u00e4nde Sri Lankas.<\/p>\n<figure id=\"attachment_1517\" aria-describedby=\"caption-attachment-1517\" style=\"width: 900px\" class=\"wp-caption aligncenter\"><a href=\"https:\/\/i0.wp.com\/uko7000.com\/wp-content\/uploads\/2018\/07\/Sri-Lanka_Mirissa-Beach_2018_20.jpg\"><img data-recalc-dims=\"1\" loading=\"lazy\" decoding=\"async\" class=\"size-full wp-image-1517\" src=\"https:\/\/i0.wp.com\/uko7000.com\/wp-content\/uploads\/2018\/07\/Sri-Lanka_Mirissa-Beach_2018_20.jpg?resize=768%2C512\" alt=\"\" width=\"768\" height=\"512\" srcset=\"https:\/\/i0.wp.com\/uko7000.com\/wp-content\/uploads\/2018\/07\/Sri-Lanka_Mirissa-Beach_2018_20.jpg?w=900&amp;ssl=1 900w, https:\/\/i0.wp.com\/uko7000.com\/wp-content\/uploads\/2018\/07\/Sri-Lanka_Mirissa-Beach_2018_20.jpg?resize=300%2C200&amp;ssl=1 300w, https:\/\/i0.wp.com\/uko7000.com\/wp-content\/uploads\/2018\/07\/Sri-Lanka_Mirissa-Beach_2018_20.jpg?resize=768%2C512&amp;ssl=1 768w\" sizes=\"auto, (max-width: 768px) 100vw, 768px\" \/><\/a><figcaption id=\"caption-attachment-1517\" class=\"wp-caption-text\">Im fr\u00fchen Morgendunst wirkt er fast unber\u00fchrt: Der wundersch\u00f6ne Strand von Mirissa<\/figcaption><\/figure>\n<p>Mirissa Beach erstreckt sich \u00fcber etwa einen Kilometer in einer sanft geschwungenen, feinsandigen Bucht.<\/p>\n<p><a href=\"https:\/\/i0.wp.com\/uko7000.com\/wp-content\/uploads\/2018\/07\/Sri-Lanka_Mirissa_2018_24.jpg\"><img data-recalc-dims=\"1\" loading=\"lazy\" decoding=\"async\" class=\"aligncenter size-full wp-image-1527\" src=\"https:\/\/i0.wp.com\/uko7000.com\/wp-content\/uploads\/2018\/07\/Sri-Lanka_Mirissa_2018_24.jpg?resize=768%2C576\" alt=\"\" width=\"768\" height=\"576\" srcset=\"https:\/\/i0.wp.com\/uko7000.com\/wp-content\/uploads\/2018\/07\/Sri-Lanka_Mirissa_2018_24.jpg?w=800&amp;ssl=1 800w, https:\/\/i0.wp.com\/uko7000.com\/wp-content\/uploads\/2018\/07\/Sri-Lanka_Mirissa_2018_24.jpg?resize=300%2C225&amp;ssl=1 300w, https:\/\/i0.wp.com\/uko7000.com\/wp-content\/uploads\/2018\/07\/Sri-Lanka_Mirissa_2018_24.jpg?resize=768%2C576&amp;ssl=1 768w\" sizes=\"auto, (max-width: 768px) 100vw, 768px\" \/><\/a><\/p>\n<p>Am n\u00f6rdlichen Rand der Bucht, abgetrennt durch eine kleine Felsenkette, haben die Surfer ihren Bereich. Hier geht es schon morgens um 8 in die Wellen.<\/p>\n<p><a href=\"https:\/\/i0.wp.com\/uko7000.com\/wp-content\/uploads\/2018\/07\/Sri-Lanka_Mirissa_2018_16.jpg\"><img data-recalc-dims=\"1\" loading=\"lazy\" decoding=\"async\" class=\"aligncenter size-full wp-image-1501\" src=\"https:\/\/i0.wp.com\/uko7000.com\/wp-content\/uploads\/2018\/07\/Sri-Lanka_Mirissa_2018_16.jpg?resize=768%2C512\" alt=\"\" width=\"768\" height=\"512\" srcset=\"https:\/\/i0.wp.com\/uko7000.com\/wp-content\/uploads\/2018\/07\/Sri-Lanka_Mirissa_2018_16.jpg?w=900&amp;ssl=1 900w, https:\/\/i0.wp.com\/uko7000.com\/wp-content\/uploads\/2018\/07\/Sri-Lanka_Mirissa_2018_16.jpg?resize=300%2C200&amp;ssl=1 300w, https:\/\/i0.wp.com\/uko7000.com\/wp-content\/uploads\/2018\/07\/Sri-Lanka_Mirissa_2018_16.jpg?resize=768%2C512&amp;ssl=1 768w\" sizes=\"auto, (max-width: 768px) 100vw, 768px\" \/><\/a><\/p>\n<p>Ziemlich genau in der Mitte liegt der Turtle Eggs Conservation Point. Hier wird \u00fcber die Gelege der Seeschildkr\u00f6ten gewacht, die an des nachts am Strand ihre Brut verbuddeln.<\/p>\n<p><a href=\"https:\/\/i0.wp.com\/uko7000.com\/wp-content\/uploads\/2018\/07\/Sri-Lanka_Mirissa_2018_25.jpg\"><img data-recalc-dims=\"1\" loading=\"lazy\" decoding=\"async\" class=\"size-full wp-image-1533 aligncenter\" src=\"https:\/\/i0.wp.com\/uko7000.com\/wp-content\/uploads\/2018\/07\/Sri-Lanka_Mirissa_2018_25.jpg?resize=600%2C720\" alt=\"\" width=\"600\" height=\"720\" srcset=\"https:\/\/i0.wp.com\/uko7000.com\/wp-content\/uploads\/2018\/07\/Sri-Lanka_Mirissa_2018_25.jpg?w=600&amp;ssl=1 600w, https:\/\/i0.wp.com\/uko7000.com\/wp-content\/uploads\/2018\/07\/Sri-Lanka_Mirissa_2018_25.jpg?resize=250%2C300&amp;ssl=1 250w\" sizes=\"auto, (max-width: 600px) 100vw, 600px\" \/><\/a><\/p>\n<p>Wenn am fr\u00fchen Abend die Sonne sinkt, hei\u00dft es Atem anhalten: Die Sonnenunterg\u00e4nge des nach S\u00fcdwesten gelegenen Strandes sind spektakul\u00e4r.<\/p>\n<p><a href=\"https:\/\/i0.wp.com\/uko7000.com\/wp-content\/uploads\/2018\/07\/Sri-Lanka_Mirissa_2018_13.jpg\"><img data-recalc-dims=\"1\" loading=\"lazy\" decoding=\"async\" class=\"size-full wp-image-1498 aligncenter\" src=\"https:\/\/i0.wp.com\/uko7000.com\/wp-content\/uploads\/2018\/07\/Sri-Lanka_Mirissa_2018_13.jpg?resize=600%2C900\" alt=\"\" width=\"600\" height=\"900\" srcset=\"https:\/\/i0.wp.com\/uko7000.com\/wp-content\/uploads\/2018\/07\/Sri-Lanka_Mirissa_2018_13.jpg?w=600&amp;ssl=1 600w, https:\/\/i0.wp.com\/uko7000.com\/wp-content\/uploads\/2018\/07\/Sri-Lanka_Mirissa_2018_13.jpg?resize=200%2C300&amp;ssl=1 200w\" sizes=\"auto, (max-width: 600px) 100vw, 600px\" \/><\/a><\/p>\n<p>Nat\u00fcrlich gibt es entlang des gesamten Strandes Bars und Restaurants mit unterschiedlichem Angebot und mitunter stark variierenden Preisen. Bis etwa 11\/12 Uhr abends ist am Strand immer Betrieb &#8211; sofern nicht gerade der Strom ausf\u00e4llt. Die blaue Stunde direkt nach Sonnenuntergang ist hier oft spektakul\u00e4r violett.<\/p>\n<p><a href=\"https:\/\/i0.wp.com\/uko7000.com\/wp-content\/uploads\/2018\/07\/Sri-Lanka_Mirissa_2018_31.jpg\"><img data-recalc-dims=\"1\" loading=\"lazy\" decoding=\"async\" class=\"aligncenter size-full wp-image-1521\" src=\"https:\/\/i0.wp.com\/uko7000.com\/wp-content\/uploads\/2018\/07\/Sri-Lanka_Mirissa_2018_31.jpg?resize=768%2C576\" alt=\"\" width=\"768\" height=\"576\" srcset=\"https:\/\/i0.wp.com\/uko7000.com\/wp-content\/uploads\/2018\/07\/Sri-Lanka_Mirissa_2018_31.jpg?w=800&amp;ssl=1 800w, https:\/\/i0.wp.com\/uko7000.com\/wp-content\/uploads\/2018\/07\/Sri-Lanka_Mirissa_2018_31.jpg?resize=300%2C225&amp;ssl=1 300w, https:\/\/i0.wp.com\/uko7000.com\/wp-content\/uploads\/2018\/07\/Sri-Lanka_Mirissa_2018_31.jpg?resize=768%2C576&amp;ssl=1 768w\" sizes=\"auto, (max-width: 768px) 100vw, 768px\" \/><\/a><\/p>\n<p>Mirissa selbst ist relativ \u00fcberschaubar. An der recht lauten und stark befahrenen Hauptstra\u00dfe (auch hier: Vorsicht vor den irren Bussen!) reihen sich Souvenirl\u00e4den an Whale-Watching- und Rent-A-Bike-Angebote.<\/p>\n<p><a href=\"https:\/\/i0.wp.com\/uko7000.com\/wp-content\/uploads\/2018\/07\/Sri-Lanka_Mirissa_2018_26.jpg\"><img data-recalc-dims=\"1\" loading=\"lazy\" decoding=\"async\" class=\"aligncenter size-full wp-image-1528\" src=\"https:\/\/i0.wp.com\/uko7000.com\/wp-content\/uploads\/2018\/07\/Sri-Lanka_Mirissa_2018_26.jpg?resize=768%2C576\" alt=\"\" width=\"768\" height=\"576\" srcset=\"https:\/\/i0.wp.com\/uko7000.com\/wp-content\/uploads\/2018\/07\/Sri-Lanka_Mirissa_2018_26.jpg?w=800&amp;ssl=1 800w, https:\/\/i0.wp.com\/uko7000.com\/wp-content\/uploads\/2018\/07\/Sri-Lanka_Mirissa_2018_26.jpg?resize=300%2C225&amp;ssl=1 300w, https:\/\/i0.wp.com\/uko7000.com\/wp-content\/uploads\/2018\/07\/Sri-Lanka_Mirissa_2018_26.jpg?resize=768%2C576&amp;ssl=1 768w\" sizes=\"auto, (max-width: 768px) 100vw, 768px\" \/><\/a><\/p>\n<p>Hier findet sich auch Cargills, der einzige gr\u00f6\u00dfere Supermarkt.<\/p>\n<p><a href=\"https:\/\/i0.wp.com\/uko7000.com\/wp-content\/uploads\/2018\/07\/Sri-Lanka_Mirissa_2018_29.jpg\"><img data-recalc-dims=\"1\" loading=\"lazy\" decoding=\"async\" class=\"aligncenter size-full wp-image-1519\" src=\"https:\/\/i0.wp.com\/uko7000.com\/wp-content\/uploads\/2018\/07\/Sri-Lanka_Mirissa_2018_29.jpg?resize=768%2C576\" alt=\"\" width=\"768\" height=\"576\" srcset=\"https:\/\/i0.wp.com\/uko7000.com\/wp-content\/uploads\/2018\/07\/Sri-Lanka_Mirissa_2018_29.jpg?w=800&amp;ssl=1 800w, https:\/\/i0.wp.com\/uko7000.com\/wp-content\/uploads\/2018\/07\/Sri-Lanka_Mirissa_2018_29.jpg?resize=300%2C225&amp;ssl=1 300w, https:\/\/i0.wp.com\/uko7000.com\/wp-content\/uploads\/2018\/07\/Sri-Lanka_Mirissa_2018_29.jpg?resize=768%2C576&amp;ssl=1 768w\" sizes=\"auto, (max-width: 768px) 100vw, 768px\" \/><\/a><\/p>\n","protected":false},"excerpt":{"rendered":"<p>Weit unten im S\u00fcden Sri Lankas liegt der beliebte Touri-Ort Mirissa. Angesagt bei Backpackern und Sonnenanbetern gleicherma\u00dfen, besticht Mirissa durch einen der aufregendsten Str\u00e4nde Sri Lankas. Mirissa Beach erstreckt sich \u00fcber etwa einen Kilometer in einer sanft geschwungenen, feinsandigen Bucht. Am n\u00f6rdlichen Rand der Bucht, abgetrennt durch eine kleine Felsenkette, haben die Surfer ihren Bereich. [&hellip;]<\/p>\n","protected":false},"author":1,"featured_media":0,"parent":1261,"menu_order":0,"comment_status":"closed","ping_status":"closed","template":"","meta":{"_crdt_document":"","footnotes":""},"class_list":["post-1266","page","type-page","status-publish","hentry"],"translation":{"provider":"WPGlobus","version":"3.0.2","language":"en","enabled_languages":["de","en"],"languages":{"de":{"title":true,"content":true,"excerpt":false},"en":{"title":false,"content":false,"excerpt":false}}},"jetpack_sharing_enabled":true,"_links":{"self":[{"href":"https:\/\/uko7000.com\/en\/wp-json\/wp\/v2\/pages\/1266","targetHints":{"allow":["GET"]}}],"collection":[{"href":"https:\/\/uko7000.com\/en\/wp-json\/wp\/v2\/pages"}],"about":[{"href":"https:\/\/uko7000.com\/en\/wp-json\/wp\/v2\/types\/page"}],"author":[{"embeddable":true,"href":"https:\/\/uko7000.com\/en\/wp-json\/wp\/v2\/users\/1"}],"replies":[{"embeddable":true,"href":"https:\/\/uko7000.com\/en\/wp-json\/wp\/v2\/comments?post=1266"}],"version-history":[{"count":15,"href":"https:\/\/uko7000.com\/en\/wp-json\/wp\/v2\/pages\/1266\/revisions"}],"predecessor-version":[{"id":1544,"href":"https:\/\/uko7000.com\/en\/wp-json\/wp\/v2\/pages\/1266\/revisions\/1544"}],"up":[{"embeddable":true,"href":"https:\/\/uko7000.com\/en\/wp-json\/wp\/v2\/pages\/1261"}],"wp:attachment":[{"href":"https:\/\/uko7000.com\/en\/wp-json\/wp\/v2\/media?parent=1266"}],"curies":[{"name":"wp","href":"https:\/\/api.w.org\/{rel}","templated":true}]}}