{"id":1270,"date":"2018-04-12T15:34:00","date_gmt":"2018-04-12T15:34:00","guid":{"rendered":"http:\/\/uko7000.com\/?page_id=1270"},"modified":"2018-05-11T12:24:34","modified_gmt":"2018-05-11T12:24:34","slug":"negombo","status":"publish","type":"page","link":"https:\/\/uko7000.com\/en\/sri-lanka\/negombo\/","title":{"rendered":"Negombo"},"content":{"rendered":"<h2>Von Fischen und Fischf\u00e4ngern<\/h2>\n<p>An der Westk\u00fcste Sri Lankas ein paar Kilometer n\u00f6rdlich Colombos liegt Negombo. Aufgrund seiner langen Sandstr\u00e4nde und der unmittelbaren N\u00e4he zum internationalen Flughafen Bandaranaike hat sich der Ort schon fr\u00fch zur Tourismusdestination gemausert &#8211; seine Vorreiterstellung im Laufe der Jahre aber\u00a0an die Str\u00e4nde der S\u00fcdk\u00fcste abgeben m\u00fcssen.<\/p>\n<p><a href=\"https:\/\/i0.wp.com\/uko7000.com\/wp-content\/uploads\/2018\/05\/Sri-Lanka_Negombo_2018_003.jpg\"><img data-recalc-dims=\"1\" loading=\"lazy\" decoding=\"async\" class=\"aligncenter size-full wp-image-1318\" src=\"https:\/\/i0.wp.com\/uko7000.com\/wp-content\/uploads\/2018\/05\/Sri-Lanka_Negombo_2018_003.jpg?resize=768%2C512\" alt=\"\" width=\"768\" height=\"512\" srcset=\"https:\/\/i0.wp.com\/uko7000.com\/wp-content\/uploads\/2018\/05\/Sri-Lanka_Negombo_2018_003.jpg?w=900&amp;ssl=1 900w, https:\/\/i0.wp.com\/uko7000.com\/wp-content\/uploads\/2018\/05\/Sri-Lanka_Negombo_2018_003.jpg?resize=300%2C200&amp;ssl=1 300w, https:\/\/i0.wp.com\/uko7000.com\/wp-content\/uploads\/2018\/05\/Sri-Lanka_Negombo_2018_003.jpg?resize=768%2C512&amp;ssl=1 768w\" sizes=\"auto, (max-width: 768px) 100vw, 768px\" \/><\/a><\/p>\n<p>Urspr\u00fcnglich lebte man hier vor allem von der Fischerei. Nicht wenige der insgesamt rund 120.000 Negomber tun das nach wie vor.<\/p>\n<figure id=\"attachment_1312\" aria-describedby=\"caption-attachment-1312\" style=\"width: 900px\" class=\"wp-caption aligncenter\"><a href=\"https:\/\/i0.wp.com\/uko7000.com\/wp-content\/uploads\/2018\/05\/Sri-Lanka_Negombo_Fish-Market2018_021.jpg\"><img data-recalc-dims=\"1\" loading=\"lazy\" decoding=\"async\" class=\"wp-image-1312 size-full\" src=\"https:\/\/i0.wp.com\/uko7000.com\/wp-content\/uploads\/2018\/05\/Sri-Lanka_Negombo_Fish-Market2018_021.jpg?resize=768%2C512\" alt=\"\" width=\"768\" height=\"512\" srcset=\"https:\/\/i0.wp.com\/uko7000.com\/wp-content\/uploads\/2018\/05\/Sri-Lanka_Negombo_Fish-Market2018_021.jpg?w=900&amp;ssl=1 900w, https:\/\/i0.wp.com\/uko7000.com\/wp-content\/uploads\/2018\/05\/Sri-Lanka_Negombo_Fish-Market2018_021.jpg?resize=300%2C200&amp;ssl=1 300w, https:\/\/i0.wp.com\/uko7000.com\/wp-content\/uploads\/2018\/05\/Sri-Lanka_Negombo_Fish-Market2018_021.jpg?resize=768%2C512&amp;ssl=1 768w\" sizes=\"auto, (max-width: 768px) 100vw, 768px\" \/><\/a><figcaption id=\"caption-attachment-1312\" class=\"wp-caption-text\">Erstmal an den Strand: Fischfang in Negombo<\/figcaption><\/figure>\n<p>Noch heute z\u00e4hlt der wuselige, laute und sehr lebendige (bis auf die sehr toten Fische) Fischmarkt zu den Attraktionen der Stadt.<\/p>\n<figure id=\"attachment_1301\" aria-describedby=\"caption-attachment-1301\" style=\"width: 900px\" class=\"wp-caption aligncenter\"><a href=\"https:\/\/i0.wp.com\/uko7000.com\/wp-content\/uploads\/2018\/05\/Sri-Lanka_Negombo_Fish-Market2018_010.jpg\"><img data-recalc-dims=\"1\" loading=\"lazy\" decoding=\"async\" class=\"size-full wp-image-1301\" src=\"https:\/\/i0.wp.com\/uko7000.com\/wp-content\/uploads\/2018\/05\/Sri-Lanka_Negombo_Fish-Market2018_010.jpg?resize=768%2C512\" alt=\"\" width=\"768\" height=\"512\" srcset=\"https:\/\/i0.wp.com\/uko7000.com\/wp-content\/uploads\/2018\/05\/Sri-Lanka_Negombo_Fish-Market2018_010.jpg?w=900&amp;ssl=1 900w, https:\/\/i0.wp.com\/uko7000.com\/wp-content\/uploads\/2018\/05\/Sri-Lanka_Negombo_Fish-Market2018_010.jpg?resize=300%2C200&amp;ssl=1 300w, https:\/\/i0.wp.com\/uko7000.com\/wp-content\/uploads\/2018\/05\/Sri-Lanka_Negombo_Fish-Market2018_010.jpg?resize=768%2C512&amp;ssl=1 768w\" sizes=\"auto, (max-width: 768px) 100vw, 768px\" \/><\/a><figcaption id=\"caption-attachment-1301\" class=\"wp-caption-text\">Nichts f\u00fcr schwache Nerven: Der Fischmarkt von Negombo<\/figcaption><\/figure>\n<p>Dass der indische Ozean prallvoll mit den merkw\u00fcrdigsten Fischen ist, zeigen die immer wieder angeschwemmten \u00dcberreste teils gruselig anmutender Kreaturen, \u00fcber die sich dann die Kr\u00e4hen freuen.<\/p>\n<p><a href=\"https:\/\/i0.wp.com\/uko7000.com\/wp-content\/uploads\/2018\/05\/Sri-Lanka_Negombo_Beach_2018_008.jpg\"><img data-recalc-dims=\"1\" loading=\"lazy\" decoding=\"async\" class=\"aligncenter size-full wp-image-1281\" src=\"https:\/\/i0.wp.com\/uko7000.com\/wp-content\/uploads\/2018\/05\/Sri-Lanka_Negombo_Beach_2018_008.jpg?resize=768%2C512\" alt=\"\" width=\"768\" height=\"512\" srcset=\"https:\/\/i0.wp.com\/uko7000.com\/wp-content\/uploads\/2018\/05\/Sri-Lanka_Negombo_Beach_2018_008.jpg?w=900&amp;ssl=1 900w, https:\/\/i0.wp.com\/uko7000.com\/wp-content\/uploads\/2018\/05\/Sri-Lanka_Negombo_Beach_2018_008.jpg?resize=300%2C200&amp;ssl=1 300w, https:\/\/i0.wp.com\/uko7000.com\/wp-content\/uploads\/2018\/05\/Sri-Lanka_Negombo_Beach_2018_008.jpg?resize=768%2C512&amp;ssl=1 768w\" sizes=\"auto, (max-width: 768px) 100vw, 768px\" \/><\/a><\/p>\n<p>Auch mit den traditionellen Oruwas wird noch nach Fischen gejagt &#8211; jenen ber\u00fchmten Auslegerkanus, die ein bisschen aussehen wie hastig zusammengebundene Katamaran-Fl\u00f6\u00dfe mit oft grellbuntem Segel. Die meisten Oruwa-Kapit\u00e4ne angeln sich jedoch lieber betuchte Touristen an den Badestr\u00e4nden und verkaufen ihnen ein authentisches Bootserlebnis.<\/p>\n<figure id=\"attachment_1280\" aria-describedby=\"caption-attachment-1280\" style=\"width: 900px\" class=\"wp-caption aligncenter\"><a href=\"https:\/\/i0.wp.com\/uko7000.com\/wp-content\/uploads\/2018\/05\/Sri-Lanka_Negombo_Beach_2018_007.jpg\"><img data-recalc-dims=\"1\" loading=\"lazy\" decoding=\"async\" class=\"size-full wp-image-1280\" src=\"https:\/\/i0.wp.com\/uko7000.com\/wp-content\/uploads\/2018\/05\/Sri-Lanka_Negombo_Beach_2018_007.jpg?resize=768%2C512\" alt=\"\" width=\"768\" height=\"512\" srcset=\"https:\/\/i0.wp.com\/uko7000.com\/wp-content\/uploads\/2018\/05\/Sri-Lanka_Negombo_Beach_2018_007.jpg?w=900&amp;ssl=1 900w, https:\/\/i0.wp.com\/uko7000.com\/wp-content\/uploads\/2018\/05\/Sri-Lanka_Negombo_Beach_2018_007.jpg?resize=300%2C200&amp;ssl=1 300w, https:\/\/i0.wp.com\/uko7000.com\/wp-content\/uploads\/2018\/05\/Sri-Lanka_Negombo_Beach_2018_007.jpg?resize=768%2C512&amp;ssl=1 768w\" sizes=\"auto, (max-width: 768px) 100vw, 768px\" \/><\/a><figcaption id=\"caption-attachment-1280\" class=\"wp-caption-text\">Ein original Oruwa: Wirkt zusammengeflickt, soll aber hochseetauglich sein<\/figcaption><\/figure>\n<p>Eine Besonderheit Negombos ist die hier vorherrschende Religion: das Christentum. Im Gegensatz zum Rest des Landes gibt es hier sehr viele Christen und die entsprechende Infrastruktur, also Kirchen, Kreuz-Friedh\u00f6fe, Marienstatuen. Das hat mit der Geschichte Colombos und damit auch Negombos als Kolonie der Portugiesen sowie sp\u00e4ter der Niederl\u00e4nder und dann auch noch der Engl\u00e4nder zu tun. Jedes Jahr zu Ostern veranstalten die Negomber farbenpr\u00e4chtige Umz\u00fcge. Schade nur, wenn man das zu sp\u00e4t erf\u00e4hrt &#8211; und das Spektakel um ein paar Tage verpasst.<\/p>\n<figure id=\"attachment_1316\" aria-describedby=\"caption-attachment-1316\" style=\"width: 900px\" class=\"wp-caption aligncenter\"><a href=\"https:\/\/i0.wp.com\/uko7000.com\/wp-content\/uploads\/2018\/05\/Sri-Lanka_Negombo_2018_001.jpg\"><img data-recalc-dims=\"1\" loading=\"lazy\" decoding=\"async\" class=\"size-full wp-image-1316\" src=\"https:\/\/i0.wp.com\/uko7000.com\/wp-content\/uploads\/2018\/05\/Sri-Lanka_Negombo_2018_001.jpg?resize=768%2C512\" alt=\"\" width=\"768\" height=\"512\" srcset=\"https:\/\/i0.wp.com\/uko7000.com\/wp-content\/uploads\/2018\/05\/Sri-Lanka_Negombo_2018_001.jpg?w=900&amp;ssl=1 900w, https:\/\/i0.wp.com\/uko7000.com\/wp-content\/uploads\/2018\/05\/Sri-Lanka_Negombo_2018_001.jpg?resize=300%2C200&amp;ssl=1 300w, https:\/\/i0.wp.com\/uko7000.com\/wp-content\/uploads\/2018\/05\/Sri-Lanka_Negombo_2018_001.jpg?resize=768%2C512&amp;ssl=1 768w\" sizes=\"auto, (max-width: 768px) 100vw, 768px\" \/><\/a><figcaption id=\"caption-attachment-1316\" class=\"wp-caption-text\">Im gelblichen Abendlicht immer auch ein bisschen gruselig: Der christliche Friedhof von Negombo<\/figcaption><\/figure>\n<p>fff<\/p>\n","protected":false},"excerpt":{"rendered":"<p>Von Fischen und Fischf\u00e4ngern An der Westk\u00fcste Sri Lankas ein paar Kilometer n\u00f6rdlich Colombos liegt Negombo. Aufgrund seiner langen Sandstr\u00e4nde und der unmittelbaren N\u00e4he zum internationalen Flughafen Bandaranaike hat sich der Ort schon fr\u00fch zur Tourismusdestination gemausert &#8211; seine Vorreiterstellung im Laufe der Jahre aber\u00a0an die Str\u00e4nde der S\u00fcdk\u00fcste abgeben m\u00fcssen. Urspr\u00fcnglich lebte man hier [&hellip;]<\/p>\n","protected":false},"author":1,"featured_media":0,"parent":1261,"menu_order":0,"comment_status":"closed","ping_status":"closed","template":"","meta":{"_crdt_document":"","footnotes":""},"class_list":["post-1270","page","type-page","status-publish","hentry"],"translation":{"provider":"WPGlobus","version":"3.0.2","language":"en","enabled_languages":["de","en"],"languages":{"de":{"title":true,"content":true,"excerpt":false},"en":{"title":false,"content":false,"excerpt":false}}},"jetpack_sharing_enabled":true,"_links":{"self":[{"href":"https:\/\/uko7000.com\/en\/wp-json\/wp\/v2\/pages\/1270","targetHints":{"allow":["GET"]}}],"collection":[{"href":"https:\/\/uko7000.com\/en\/wp-json\/wp\/v2\/pages"}],"about":[{"href":"https:\/\/uko7000.com\/en\/wp-json\/wp\/v2\/types\/page"}],"author":[{"embeddable":true,"href":"https:\/\/uko7000.com\/en\/wp-json\/wp\/v2\/users\/1"}],"replies":[{"embeddable":true,"href":"https:\/\/uko7000.com\/en\/wp-json\/wp\/v2\/comments?post=1270"}],"version-history":[{"count":6,"href":"https:\/\/uko7000.com\/en\/wp-json\/wp\/v2\/pages\/1270\/revisions"}],"predecessor-version":[{"id":1327,"href":"https:\/\/uko7000.com\/en\/wp-json\/wp\/v2\/pages\/1270\/revisions\/1327"}],"up":[{"embeddable":true,"href":"https:\/\/uko7000.com\/en\/wp-json\/wp\/v2\/pages\/1261"}],"wp:attachment":[{"href":"https:\/\/uko7000.com\/en\/wp-json\/wp\/v2\/media?parent=1270"}],"curies":[{"name":"wp","href":"https:\/\/api.w.org\/{rel}","templated":true}]}}