{"id":1444,"date":"2018-06-16T07:22:13","date_gmt":"2018-06-16T07:22:13","guid":{"rendered":"http:\/\/uko7000.com\/?page_id=1444"},"modified":"2018-08-27T14:31:09","modified_gmt":"2018-08-27T14:31:09","slug":"kalabrien","status":"publish","type":"page","link":"https:\/\/uko7000.com\/en\/italien\/kalabrien\/","title":{"rendered":"Kalabrien &#8211; arm, aber sch\u00f6n"},"content":{"rendered":"\n<p class=\"wp-block-paragraph\">Tief im S\u00fcden, wo die Sonne zuhause ist, liegt Italiens \u00e4rmste Region: Kalabrien, die historisch und wirtschaftlich immer wieder mit F\u00fc\u00dfen getretene Spitze des italienischen Stiefels. Aber wie so oft in armen Gegenden finden sich gerade hier wunderbare Highlights, die man gesehen und erlebt haben muss, will man das Land wenigstens ein bisschen kennen.<\/p>\n\n\n\n<p class=\"wp-block-paragraph\"> Tropea geh\u00f6rt nat\u00fcrlich dazu, die Riviera des S\u00fcdens, mit seinen roten Zwiebeln und dem Postkartenmotiv Nr. 1, der Sanctuario di Santa Maria dell&#8217;Isola.<\/p>\n\n\n\n<figure class=\"wp-block-image\"><img data-recalc-dims=\"1\" loading=\"lazy\" decoding=\"async\" width=\"768\" height=\"512\" src=\"https:\/\/i0.wp.com\/uko7000.com\/wp-content\/uploads\/2018\/08\/2018_Calabria_Tropea_02.jpg?resize=768%2C512\" alt=\"\" class=\"wp-image-1597\" srcset=\"https:\/\/i0.wp.com\/uko7000.com\/wp-content\/uploads\/2018\/08\/2018_Calabria_Tropea_02.jpg?w=900&amp;ssl=1 900w, https:\/\/i0.wp.com\/uko7000.com\/wp-content\/uploads\/2018\/08\/2018_Calabria_Tropea_02.jpg?resize=300%2C200&amp;ssl=1 300w, https:\/\/i0.wp.com\/uko7000.com\/wp-content\/uploads\/2018\/08\/2018_Calabria_Tropea_02.jpg?resize=768%2C512&amp;ssl=1 768w\" sizes=\"auto, (max-width: 768px) 100vw, 768px\" \/><figcaption>Das St. Tropez Kalabriens: Tropea mit der Sanctuario Santa Maria<\/figcaption><\/figure>\n\n\n\n<p class=\"wp-block-paragraph\"><\/p>\n\n\n\n<p class=\"wp-block-paragraph\">Aber auch das s\u00fcdlicher gelegene Scilla mit dem legend\u00e4ren Strand der Sirenen und Blick auf die K\u00fcste Siziliens. <\/p>\n\n\n\n<figure class=\"wp-block-image\"><img data-recalc-dims=\"1\" loading=\"lazy\" decoding=\"async\" width=\"768\" height=\"512\" src=\"https:\/\/i0.wp.com\/uko7000.com\/wp-content\/uploads\/2018\/08\/2018_Calabria_Scilla_04.jpg?resize=768%2C512\" alt=\"\" class=\"wp-image-1593\" srcset=\"https:\/\/i0.wp.com\/uko7000.com\/wp-content\/uploads\/2018\/08\/2018_Calabria_Scilla_04.jpg?w=900&amp;ssl=1 900w, https:\/\/i0.wp.com\/uko7000.com\/wp-content\/uploads\/2018\/08\/2018_Calabria_Scilla_04.jpg?resize=300%2C200&amp;ssl=1 300w, https:\/\/i0.wp.com\/uko7000.com\/wp-content\/uploads\/2018\/08\/2018_Calabria_Scilla_04.jpg?resize=768%2C512&amp;ssl=1 768w\" sizes=\"auto, (max-width: 768px) 100vw, 768px\" \/><figcaption>Der Strand der Sirenen, die Odysseus fast um den Verstand brachten.<\/figcaption><\/figure>\n\n\n\n<p class=\"wp-block-paragraph\"><\/p>\n\n\n\n<p class=\"wp-block-paragraph\">Oder Stilo, das Bergdorf auf der anderen, \u00f6stlichen Seite, \u00fcber dem ganz unauff\u00e4llig die kleine byzantinische Cattolica auf Entdecker wartet.<\/p>\n\n\n\n<figure class=\"wp-block-image\"><img data-recalc-dims=\"1\" loading=\"lazy\" decoding=\"async\" width=\"768\" height=\"512\" src=\"https:\/\/i0.wp.com\/uko7000.com\/wp-content\/uploads\/2018\/08\/2018_Calabria_Cattolica-di-Stilo.jpg?resize=768%2C512\" alt=\"\" class=\"wp-image-1607\" srcset=\"https:\/\/i0.wp.com\/uko7000.com\/wp-content\/uploads\/2018\/08\/2018_Calabria_Cattolica-di-Stilo.jpg?w=900&amp;ssl=1 900w, https:\/\/i0.wp.com\/uko7000.com\/wp-content\/uploads\/2018\/08\/2018_Calabria_Cattolica-di-Stilo.jpg?resize=300%2C200&amp;ssl=1 300w, https:\/\/i0.wp.com\/uko7000.com\/wp-content\/uploads\/2018\/08\/2018_Calabria_Cattolica-di-Stilo.jpg?resize=768%2C512&amp;ssl=1 768w\" sizes=\"auto, (max-width: 768px) 100vw, 768px\" \/><figcaption>Gar nicht so leicht zu finden: Die Cattolica di Stilo.<\/figcaption><\/figure>\n\n\n\n<p class=\"wp-block-paragraph\"><\/p>\n\n\n\n<p class=\"wp-block-paragraph\">Das verschlafene Caminia mit seiner versteckten Traumbucht.<\/p>\n\n\n\n<figure class=\"wp-block-image\"><img data-recalc-dims=\"1\" loading=\"lazy\" decoding=\"async\" width=\"768\" height=\"512\" src=\"https:\/\/i0.wp.com\/uko7000.com\/wp-content\/uploads\/2018\/08\/2018_Calabria_Caminia_Beach_01.jpg?resize=768%2C512\" alt=\"\" class=\"wp-image-1603\" srcset=\"https:\/\/i0.wp.com\/uko7000.com\/wp-content\/uploads\/2018\/08\/2018_Calabria_Caminia_Beach_01.jpg?w=900&amp;ssl=1 900w, https:\/\/i0.wp.com\/uko7000.com\/wp-content\/uploads\/2018\/08\/2018_Calabria_Caminia_Beach_01.jpg?resize=300%2C200&amp;ssl=1 300w, https:\/\/i0.wp.com\/uko7000.com\/wp-content\/uploads\/2018\/08\/2018_Calabria_Caminia_Beach_01.jpg?resize=768%2C512&amp;ssl=1 768w\" sizes=\"auto, (max-width: 768px) 100vw, 768px\" \/><figcaption>Traumstrand im S\u00fcdosten: Die Bucht von Caminia<\/figcaption><\/figure>\n\n\n\n<p class=\"wp-block-paragraph\"><\/p>\n\n\n\n<p class=\"wp-block-paragraph\">Der Schildkr\u00f6tenort Brancaleone im S\u00fcdosten und das verlassene Bergdorf Pentedattilo mit seinen seltsamen Katzen. <\/p>\n\n\n\n<figure class=\"wp-block-image\"><img data-recalc-dims=\"1\" loading=\"lazy\" decoding=\"async\" width=\"768\" height=\"512\" src=\"https:\/\/i0.wp.com\/uko7000.com\/wp-content\/uploads\/2018\/08\/2018_Calabria_Pentedattilo_02.jpg?resize=768%2C512\" alt=\"\" class=\"wp-image-1589\" srcset=\"https:\/\/i0.wp.com\/uko7000.com\/wp-content\/uploads\/2018\/08\/2018_Calabria_Pentedattilo_02.jpg?w=900&amp;ssl=1 900w, https:\/\/i0.wp.com\/uko7000.com\/wp-content\/uploads\/2018\/08\/2018_Calabria_Pentedattilo_02.jpg?resize=300%2C200&amp;ssl=1 300w, https:\/\/i0.wp.com\/uko7000.com\/wp-content\/uploads\/2018\/08\/2018_Calabria_Pentedattilo_02.jpg?resize=768%2C512&amp;ssl=1 768w\" sizes=\"auto, (max-width: 768px) 100vw, 768px\" \/><figcaption>Verlassen und ein bisschen gef\u00e4hrlich: Das Ruinendorf von Pentedattilo.<\/figcaption><\/figure>\n\n\n\n<p class=\"wp-block-paragraph\"><\/p>\n\n\n\n<p class=\"wp-block-paragraph\">Die unscheinbare Hauptstadt Catanzaro im Kontrast zur heimlichen Hauptstadt Reggio Calabrio. <\/p>\n\n\n\n<figure class=\"wp-block-image\"><img data-recalc-dims=\"1\" loading=\"lazy\" decoding=\"async\" width=\"768\" height=\"512\" src=\"https:\/\/i0.wp.com\/uko7000.com\/wp-content\/uploads\/2018\/08\/2018_Calabria_Catanzaro_01.jpg?resize=768%2C512\" alt=\"\" class=\"wp-image-1605\" srcset=\"https:\/\/i0.wp.com\/uko7000.com\/wp-content\/uploads\/2018\/08\/2018_Calabria_Catanzaro_01.jpg?w=900&amp;ssl=1 900w, https:\/\/i0.wp.com\/uko7000.com\/wp-content\/uploads\/2018\/08\/2018_Calabria_Catanzaro_01.jpg?resize=300%2C200&amp;ssl=1 300w, https:\/\/i0.wp.com\/uko7000.com\/wp-content\/uploads\/2018\/08\/2018_Calabria_Catanzaro_01.jpg?resize=768%2C512&amp;ssl=1 768w\" sizes=\"auto, (max-width: 768px) 100vw, 768px\" \/><figcaption>Sch\u00fcchterne Hauptstadt Kalabriens: Catanzaro im Osten.<\/figcaption><\/figure>\n\n\n\n<p class=\"wp-block-paragraph\"><\/p>\n\n\n\n<p class=\"wp-block-paragraph\">Oder auch die Festung Le Castella auf der Halbinsel Capo Rizzuto.<\/p>\n\n\n\n<figure class=\"wp-block-image\"><img data-recalc-dims=\"1\" loading=\"lazy\" decoding=\"async\" width=\"768\" height=\"512\" src=\"https:\/\/i0.wp.com\/uko7000.com\/wp-content\/uploads\/2018\/08\/2018_Calabria_Le-Castella_01.jpg?resize=768%2C512\" alt=\"\" class=\"wp-image-1608\" srcset=\"https:\/\/i0.wp.com\/uko7000.com\/wp-content\/uploads\/2018\/08\/2018_Calabria_Le-Castella_01.jpg?w=900&amp;ssl=1 900w, https:\/\/i0.wp.com\/uko7000.com\/wp-content\/uploads\/2018\/08\/2018_Calabria_Le-Castella_01.jpg?resize=300%2C200&amp;ssl=1 300w, https:\/\/i0.wp.com\/uko7000.com\/wp-content\/uploads\/2018\/08\/2018_Calabria_Le-Castella_01.jpg?resize=768%2C512&amp;ssl=1 768w\" sizes=\"auto, (max-width: 768px) 100vw, 768px\" \/><figcaption>Blick von der Festung aufs Festland: Le Castella.<\/figcaption><\/figure>\n\n\n\n<p class=\"wp-block-paragraph\"><\/p>\n\n\n\n<p class=\"wp-block-paragraph\">Eins sollte man wissen, wenngleich man als Reisender davon in der Regel nichts mitbekommt &#8211; Kalabrien ist die Heimat der &#8216;Ndrangheta, der mutma\u00dflich m\u00e4chtigsten Organisation der Mafia. Trotzdem:\u00a0Kalabrien lohnt sich!<\/p>\n","protected":false},"excerpt":{"rendered":"<p>Tief im S\u00fcden, wo die Sonne zuhause ist, liegt Italiens \u00e4rmste Region: Kalabrien, die historisch und wirtschaftlich immer wieder mit F\u00fc\u00dfen getretene Spitze des italienischen Stiefels. Aber wie so oft in armen Gegenden finden sich gerade hier wunderbare Highlights, die man gesehen und erlebt haben muss, will man das Land wenigstens ein bisschen kennen. Tropea [&hellip;]<\/p>\n","protected":false},"author":1,"featured_media":0,"parent":104,"menu_order":0,"comment_status":"closed","ping_status":"closed","template":"","meta":{"_crdt_document":"","footnotes":""},"class_list":["post-1444","page","type-page","status-publish","hentry"],"translation":{"provider":"WPGlobus","version":"3.0.2","language":"en","enabled_languages":["de","en"],"languages":{"de":{"title":true,"content":true,"excerpt":false},"en":{"title":false,"content":false,"excerpt":false}}},"jetpack_sharing_enabled":true,"_links":{"self":[{"href":"https:\/\/uko7000.com\/en\/wp-json\/wp\/v2\/pages\/1444","targetHints":{"allow":["GET"]}}],"collection":[{"href":"https:\/\/uko7000.com\/en\/wp-json\/wp\/v2\/pages"}],"about":[{"href":"https:\/\/uko7000.com\/en\/wp-json\/wp\/v2\/types\/page"}],"author":[{"embeddable":true,"href":"https:\/\/uko7000.com\/en\/wp-json\/wp\/v2\/users\/1"}],"replies":[{"embeddable":true,"href":"https:\/\/uko7000.com\/en\/wp-json\/wp\/v2\/comments?post=1444"}],"version-history":[{"count":14,"href":"https:\/\/uko7000.com\/en\/wp-json\/wp\/v2\/pages\/1444\/revisions"}],"predecessor-version":[{"id":1626,"href":"https:\/\/uko7000.com\/en\/wp-json\/wp\/v2\/pages\/1444\/revisions\/1626"}],"up":[{"embeddable":true,"href":"https:\/\/uko7000.com\/en\/wp-json\/wp\/v2\/pages\/104"}],"wp:attachment":[{"href":"https:\/\/uko7000.com\/en\/wp-json\/wp\/v2\/media?parent=1444"}],"curies":[{"name":"wp","href":"https:\/\/api.w.org\/{rel}","templated":true}]}}