{"id":1958,"date":"2019-12-23T06:23:18","date_gmt":"2019-12-23T06:23:18","guid":{"rendered":"http:\/\/uko7000.com\/?page_id=1958"},"modified":"2020-09-16T10:11:55","modified_gmt":"2020-09-16T10:11:55","slug":"myanmar","status":"publish","type":"page","link":"https:\/\/uko7000.com\/en\/myanmar\/","title":{"rendered":"Myanmar"},"content":{"rendered":"\n<p class=\"wp-block-paragraph\">Ziemlich weit hinten, zwischen Bangladesch und Indien auf der einen und Thailand, Laos und China auf der anderen Seite &#8211; tief im Osten also, wo die Sonne beim Aufgehen die Nebelschwaden \u00fcber Tausenden von Pagoden zum Leuchten bringt, wo die Elektroroller summen und auf den Bambusstreben der winzigen Fischrestaurants exotische Fr\u00f6sche herumklettern &#8211; dort liegt Myanmar.<\/p>\n\n\n\n<figure class=\"wp-block-image size-large\"><img data-recalc-dims=\"1\" loading=\"lazy\" decoding=\"async\" width=\"768\" height=\"512\" src=\"https:\/\/i0.wp.com\/uko7000.com\/wp-content\/uploads\/2020\/01\/Myanmar_Yangon_2019_3.jpg?resize=768%2C512\" alt=\"\" class=\"wp-image-1988\" srcset=\"https:\/\/i0.wp.com\/uko7000.com\/wp-content\/uploads\/2020\/01\/Myanmar_Yangon_2019_3.jpg?w=900&amp;ssl=1 900w, https:\/\/i0.wp.com\/uko7000.com\/wp-content\/uploads\/2020\/01\/Myanmar_Yangon_2019_3.jpg?resize=300%2C200&amp;ssl=1 300w, https:\/\/i0.wp.com\/uko7000.com\/wp-content\/uploads\/2020\/01\/Myanmar_Yangon_2019_3.jpg?resize=768%2C512&amp;ssl=1 768w\" sizes=\"auto, (max-width: 768px) 100vw, 768px\" \/><figcaption>Gro\u00dfer M\u00f6nch und kleiner M\u00f6nch: Typische Szene in der ber\u00fchmten Shwedagon-Pagode von Yangon<\/figcaption><\/figure>\n\n\n<p>Einmal Myanmar in 60 Sekunden, bitte:<\/p>\n\n\n<figure class=\"wp-block-embed-youtube wp-block-embed is-type-video is-provider-youtube wp-embed-aspect-16-9 wp-has-aspect-ratio\"><div class=\"wp-block-embed__wrapper\">\n<div class=\"jetpack-video-wrapper\"><iframe loading=\"lazy\" title=\"60 Seconds: Myanmar 2019\" width=\"768\" height=\"432\" src=\"https:\/\/www.youtube.com\/embed\/4xsI21JCVlw?feature=oembed\" frameborder=\"0\" allow=\"accelerometer; autoplay; clipboard-write; encrypted-media; gyroscope; picture-in-picture\" allowfullscreen><\/iframe><\/div>\n<\/div><\/figure>\n","protected":false},"excerpt":{"rendered":"<p>Ziemlich weit hinten, zwischen Bangladesch und Indien auf der einen und Thailand, Laos und China auf der anderen Seite &#8211; tief im Osten also, wo die Sonne beim Aufgehen die Nebelschwaden \u00fcber Tausenden von Pagoden zum Leuchten bringt, wo die Elektroroller summen und auf den Bambusstreben der winzigen Fischrestaurants exotische Fr\u00f6sche herumklettern &#8211; dort liegt [&hellip;]<\/p>\n","protected":false},"author":1,"featured_media":0,"parent":0,"menu_order":0,"comment_status":"closed","ping_status":"closed","template":"","meta":{"_crdt_document":"","footnotes":""},"class_list":["post-1958","page","type-page","status-publish","hentry"],"translation":{"provider":"WPGlobus","version":"3.0.2","language":"en","enabled_languages":["de","en"],"languages":{"de":{"title":true,"content":true,"excerpt":false},"en":{"title":false,"content":false,"excerpt":false}}},"jetpack_sharing_enabled":true,"_links":{"self":[{"href":"https:\/\/uko7000.com\/en\/wp-json\/wp\/v2\/pages\/1958","targetHints":{"allow":["GET"]}}],"collection":[{"href":"https:\/\/uko7000.com\/en\/wp-json\/wp\/v2\/pages"}],"about":[{"href":"https:\/\/uko7000.com\/en\/wp-json\/wp\/v2\/types\/page"}],"author":[{"embeddable":true,"href":"https:\/\/uko7000.com\/en\/wp-json\/wp\/v2\/users\/1"}],"replies":[{"embeddable":true,"href":"https:\/\/uko7000.com\/en\/wp-json\/wp\/v2\/comments?post=1958"}],"version-history":[{"count":7,"href":"https:\/\/uko7000.com\/en\/wp-json\/wp\/v2\/pages\/1958\/revisions"}],"predecessor-version":[{"id":2380,"href":"https:\/\/uko7000.com\/en\/wp-json\/wp\/v2\/pages\/1958\/revisions\/2380"}],"wp:attachment":[{"href":"https:\/\/uko7000.com\/en\/wp-json\/wp\/v2\/media?parent=1958"}],"curies":[{"name":"wp","href":"https:\/\/api.w.org\/{rel}","templated":true}]}}