{"id":2001,"date":"2020-01-08T15:24:50","date_gmt":"2020-01-08T15:24:50","guid":{"rendered":"http:\/\/uko7000.com\/?page_id=2001"},"modified":"2020-01-15T10:17:32","modified_gmt":"2020-01-15T10:17:32","slug":"yangon","status":"publish","type":"page","link":"https:\/\/uko7000.com\/en\/myanmar\/yangon\/","title":{"rendered":"Yangon"},"content":{"rendered":"\n<p class=\"wp-block-paragraph\">Einst die Hauptstadt, noch heute das quirlige, vitale Zentrum Myanmars: Yangon ist mit rund f\u00fcnf Millionen Einwohnern die mit Abstand gr\u00f6\u00dfte Stadt des Landes.<\/p>\n\n\n\n<p class=\"wp-block-paragraph\"> (soon&#8230;)<\/p>\n\n\n\n<figure class=\"wp-block-image size-large\"><img data-recalc-dims=\"1\" loading=\"lazy\" decoding=\"async\" width=\"768\" height=\"512\" src=\"https:\/\/i0.wp.com\/uko7000.com\/wp-content\/uploads\/2020\/01\/Myanmar_Yangon_2019_10.jpg?resize=768%2C512\" alt=\"\" class=\"wp-image-1995\" srcset=\"https:\/\/i0.wp.com\/uko7000.com\/wp-content\/uploads\/2020\/01\/Myanmar_Yangon_2019_10.jpg?w=900&amp;ssl=1 900w, https:\/\/i0.wp.com\/uko7000.com\/wp-content\/uploads\/2020\/01\/Myanmar_Yangon_2019_10.jpg?resize=300%2C200&amp;ssl=1 300w, https:\/\/i0.wp.com\/uko7000.com\/wp-content\/uploads\/2020\/01\/Myanmar_Yangon_2019_10.jpg?resize=768%2C512&amp;ssl=1 768w\" sizes=\"auto, (max-width: 768px) 100vw, 768px\" \/><figcaption>Yangon and the Sule Pagoda at night &#8211; seen from the  Sakura Tower<\/figcaption><\/figure>\n\n\n\n<p class=\"wp-block-paragraph\"><\/p>\n\n\n\n<p class=\"wp-block-paragraph\"><strong>Jade, Longyis und Bling Bling: Der Bogyoke Aung San Market<\/strong><\/p>\n\n\n\n<p class=\"wp-block-paragraph\">Zwischen jovialen Jadej\u00e4gern und leisen Longyiliebhabern l\u00e4sst es sich im Bogyoke Aung San Market nahe der Sule Pagode gut aushalten: Hier gibt es alles, was das Traveller-Herz begehrt. Noch dazu sind die Verk\u00e4ufer angenehm gelassen und wollen dir nicht gleich ihren ganzen Glitzerkram auf einmal verkaufen, kaum dass sich dein Blick in ihre Auslage verirrt hat.<\/p>\n\n\n\n<p class=\"wp-block-paragraph\">Bei all den sch\u00f6nen Dingen sollte man aber die Zeit im Auge behalten, denn die riesige Halle schlie\u00dft schon am sp\u00e4ten Nachmittag.  Dann bleibt dem Souvenirj\u00e4ger, dessen Flieger am n\u00e4chsten Morgen geht, nur noch das Shopping-Center gegen\u00fcber: Die &#8220;Junction City&#8221; w\u00e4re gern das KDW des S\u00fcdostens, mit teurem Delikatessensupermarkt, in dem Dean Martin schon Ende November rund um die Uhr &#8220;White Christmas&#8221; singt. Vom Flair und Angebot her reicht es dann aber doch eher nur f\u00fcr ein ordentliches Karstadt &#8211; abgesehen von der quietschbunten, kreischend-lauten Videospielabteilung und Sonderaktionen wie befahrbare Roboter oder Black-Friday-Spa\u00df.<\/p>\n\n\n\n<figure class=\"wp-block-image size-large\"><img data-recalc-dims=\"1\" loading=\"lazy\" decoding=\"async\" width=\"768\" height=\"512\" src=\"https:\/\/i0.wp.com\/uko7000.com\/wp-content\/uploads\/2020\/01\/Myanmar_Yangon_2019_31.jpg?resize=768%2C512\" alt=\"\" class=\"wp-image-1980\" srcset=\"https:\/\/i0.wp.com\/uko7000.com\/wp-content\/uploads\/2020\/01\/Myanmar_Yangon_2019_31.jpg?w=900&amp;ssl=1 900w, https:\/\/i0.wp.com\/uko7000.com\/wp-content\/uploads\/2020\/01\/Myanmar_Yangon_2019_31.jpg?resize=300%2C200&amp;ssl=1 300w, https:\/\/i0.wp.com\/uko7000.com\/wp-content\/uploads\/2020\/01\/Myanmar_Yangon_2019_31.jpg?resize=768%2C512&amp;ssl=1 768w\" sizes=\"auto, (max-width: 768px) 100vw, 768px\" \/><figcaption>Cool &amp; The Gang: Vor der Junction City zur Weihnachtszeit (bei knapp 30\u00b0 Au\u00dfentemperatur)<\/figcaption><\/figure>\n\n\n\n<p class=\"wp-block-paragraph\"><\/p>\n\n\n\n<p class=\"wp-block-paragraph\"><\/p>\n\n\n\n<figure class=\"wp-block-image size-large\"><img data-recalc-dims=\"1\" loading=\"lazy\" decoding=\"async\" width=\"768\" height=\"512\" src=\"https:\/\/i0.wp.com\/uko7000.com\/wp-content\/uploads\/2020\/01\/Myanmar_Yangon_2019_30.jpg?resize=768%2C512\" alt=\"\" class=\"wp-image-1979\" srcset=\"https:\/\/i0.wp.com\/uko7000.com\/wp-content\/uploads\/2020\/01\/Myanmar_Yangon_2019_30.jpg?w=900&amp;ssl=1 900w, https:\/\/i0.wp.com\/uko7000.com\/wp-content\/uploads\/2020\/01\/Myanmar_Yangon_2019_30.jpg?resize=300%2C200&amp;ssl=1 300w, https:\/\/i0.wp.com\/uko7000.com\/wp-content\/uploads\/2020\/01\/Myanmar_Yangon_2019_30.jpg?resize=768%2C512&amp;ssl=1 768w\" sizes=\"auto, (max-width: 768px) 100vw, 768px\" \/><figcaption>Alles Jade oder was: Im Bogyoke Aung San Market<\/figcaption><\/figure>\n\n\n\n<figure class=\"wp-block-image size-large\"><img data-recalc-dims=\"1\" loading=\"lazy\" decoding=\"async\" width=\"768\" height=\"512\" src=\"https:\/\/i0.wp.com\/uko7000.com\/wp-content\/uploads\/2020\/01\/Myanmar_Yangon_2019_28.jpg?resize=768%2C512\" alt=\"\" class=\"wp-image-1977\" srcset=\"https:\/\/i0.wp.com\/uko7000.com\/wp-content\/uploads\/2020\/01\/Myanmar_Yangon_2019_28.jpg?w=900&amp;ssl=1 900w, https:\/\/i0.wp.com\/uko7000.com\/wp-content\/uploads\/2020\/01\/Myanmar_Yangon_2019_28.jpg?resize=300%2C200&amp;ssl=1 300w, https:\/\/i0.wp.com\/uko7000.com\/wp-content\/uploads\/2020\/01\/Myanmar_Yangon_2019_28.jpg?resize=768%2C512&amp;ssl=1 768w\" sizes=\"auto, (max-width: 768px) 100vw, 768px\" \/><\/figure>\n","protected":false},"excerpt":{"rendered":"<p>Einst die Hauptstadt, noch heute das quirlige, vitale Zentrum Myanmars: Yangon ist mit rund f\u00fcnf Millionen Einwohnern die mit Abstand gr\u00f6\u00dfte Stadt des Landes. (soon&#8230;) Jade, Longyis und Bling Bling: Der Bogyoke Aung San Market Zwischen jovialen Jadej\u00e4gern und leisen Longyiliebhabern l\u00e4sst es sich im Bogyoke Aung San Market nahe der Sule Pagode gut aushalten: [&hellip;]<\/p>\n","protected":false},"author":1,"featured_media":0,"parent":1958,"menu_order":0,"comment_status":"closed","ping_status":"closed","template":"","meta":{"_crdt_document":"","footnotes":""},"class_list":["post-2001","page","type-page","status-publish","hentry"],"translation":{"provider":"WPGlobus","version":"3.0.2","language":"en","enabled_languages":["de","en"],"languages":{"de":{"title":true,"content":true,"excerpt":false},"en":{"title":false,"content":false,"excerpt":false}}},"jetpack_sharing_enabled":true,"_links":{"self":[{"href":"https:\/\/uko7000.com\/en\/wp-json\/wp\/v2\/pages\/2001","targetHints":{"allow":["GET"]}}],"collection":[{"href":"https:\/\/uko7000.com\/en\/wp-json\/wp\/v2\/pages"}],"about":[{"href":"https:\/\/uko7000.com\/en\/wp-json\/wp\/v2\/types\/page"}],"author":[{"embeddable":true,"href":"https:\/\/uko7000.com\/en\/wp-json\/wp\/v2\/users\/1"}],"replies":[{"embeddable":true,"href":"https:\/\/uko7000.com\/en\/wp-json\/wp\/v2\/comments?post=2001"}],"version-history":[{"count":5,"href":"https:\/\/uko7000.com\/en\/wp-json\/wp\/v2\/pages\/2001\/revisions"}],"predecessor-version":[{"id":2009,"href":"https:\/\/uko7000.com\/en\/wp-json\/wp\/v2\/pages\/2001\/revisions\/2009"}],"up":[{"embeddable":true,"href":"https:\/\/uko7000.com\/en\/wp-json\/wp\/v2\/pages\/1958"}],"wp:attachment":[{"href":"https:\/\/uko7000.com\/en\/wp-json\/wp\/v2\/media?parent=2001"}],"curies":[{"name":"wp","href":"https:\/\/api.w.org\/{rel}","templated":true}]}}