{"id":206,"date":"2017-05-26T14:09:49","date_gmt":"2017-05-26T14:09:49","guid":{"rendered":"http:\/\/uko7000.com\/?page_id=206"},"modified":"2017-08-15T12:57:55","modified_gmt":"2017-08-15T12:57:55","slug":"griechenland","status":"publish","type":"page","link":"https:\/\/uko7000.com\/en\/griechenland\/","title":{"rendered":"Griechenland"},"content":{"rendered":"<p>Wenn \u00fcber dem Peloponnes die Sonne aufging, sa\u00df der alte Mann bereits auf der Veranda und sch\u00e4lte die Bohnen. Eine nach der anderen, langsam, bed\u00e4chtig, sorgf\u00e4ltig. Immer wieder blickte er auf das gl\u00fchendrotorange glitzernde Meer, das ruhig unter dem endlos offenen Horizont lag. Dar\u00fcber stieg und stieg die Sonne mit unb\u00e4ndiger Kraft empor. Lautlos, wie aus dem Nichts, erschien seine zierliche Frau mit ihrem viel zu gro\u00dfen Besen und begann, die rosaroten Bl\u00fcten, die \u00fcber Nacht von dem Baum auf die Veranda geregnet waren, zusammenzufegen und vorsichtig in kleine graue S\u00e4cke zu stopfen. Ich wusste nicht, was f\u00fcr ein Baum das war und wof\u00fcr die Bl\u00fcten gesammelt wurden. Das war mir auch vollkommen egal. Gebannt und halb geblendet betrachtete ich die alten Leute, schl\u00fcrfte meinen schwarzen Kaffee. Es gab nichts weiter zu tun. Es war der perfekte Morgen.<\/p>\n<p><a href=\"https:\/\/i0.wp.com\/uko7000.com\/wp-content\/uploads\/2017\/05\/DSC08500.jpg\"><img data-recalc-dims=\"1\" loading=\"lazy\" decoding=\"async\" class=\"size-full wp-image-757 aligncenter\" src=\"https:\/\/i0.wp.com\/uko7000.com\/wp-content\/uploads\/2017\/05\/DSC08500.jpg?resize=768%2C576\" alt=\"\" width=\"768\" height=\"576\" srcset=\"https:\/\/i0.wp.com\/uko7000.com\/wp-content\/uploads\/2017\/05\/DSC08500.jpg?w=1447&amp;ssl=1 1447w, https:\/\/i0.wp.com\/uko7000.com\/wp-content\/uploads\/2017\/05\/DSC08500.jpg?resize=300%2C225&amp;ssl=1 300w, https:\/\/i0.wp.com\/uko7000.com\/wp-content\/uploads\/2017\/05\/DSC08500.jpg?resize=768%2C576&amp;ssl=1 768w\" sizes=\"auto, (max-width: 768px) 100vw, 768px\" \/><\/a><\/p>\n","protected":false},"excerpt":{"rendered":"<p>Wenn \u00fcber dem Peloponnes die Sonne aufging, sa\u00df der alte Mann bereits auf der Veranda und sch\u00e4lte die Bohnen. Eine nach der anderen, langsam, bed\u00e4chtig, sorgf\u00e4ltig. Immer wieder blickte er auf das gl\u00fchendrotorange glitzernde Meer, das ruhig unter dem endlos offenen Horizont lag. Dar\u00fcber stieg und stieg die Sonne mit unb\u00e4ndiger Kraft empor. Lautlos, wie [&hellip;]<\/p>\n","protected":false},"author":1,"featured_media":240,"parent":0,"menu_order":0,"comment_status":"closed","ping_status":"closed","template":"","meta":{"_crdt_document":"","footnotes":""},"class_list":["post-206","page","type-page","status-publish","has-post-thumbnail","hentry"],"translation":{"provider":"WPGlobus","version":"3.0.2","language":"en","enabled_languages":["de","en"],"languages":{"de":{"title":true,"content":true,"excerpt":false},"en":{"title":false,"content":false,"excerpt":false}}},"jetpack_sharing_enabled":true,"_links":{"self":[{"href":"https:\/\/uko7000.com\/en\/wp-json\/wp\/v2\/pages\/206","targetHints":{"allow":["GET"]}}],"collection":[{"href":"https:\/\/uko7000.com\/en\/wp-json\/wp\/v2\/pages"}],"about":[{"href":"https:\/\/uko7000.com\/en\/wp-json\/wp\/v2\/types\/page"}],"author":[{"embeddable":true,"href":"https:\/\/uko7000.com\/en\/wp-json\/wp\/v2\/users\/1"}],"replies":[{"embeddable":true,"href":"https:\/\/uko7000.com\/en\/wp-json\/wp\/v2\/comments?post=206"}],"version-history":[{"count":9,"href":"https:\/\/uko7000.com\/en\/wp-json\/wp\/v2\/pages\/206\/revisions"}],"predecessor-version":[{"id":762,"href":"https:\/\/uko7000.com\/en\/wp-json\/wp\/v2\/pages\/206\/revisions\/762"}],"wp:featuredmedia":[{"embeddable":true,"href":"https:\/\/uko7000.com\/en\/wp-json\/wp\/v2\/media\/240"}],"wp:attachment":[{"href":"https:\/\/uko7000.com\/en\/wp-json\/wp\/v2\/media?parent=206"}],"curies":[{"name":"wp","href":"https:\/\/api.w.org\/{rel}","templated":true}]}}