{"id":2411,"date":"2020-09-29T16:51:05","date_gmt":"2020-09-29T16:51:05","guid":{"rendered":"https:\/\/uko7000.com\/?page_id=2411"},"modified":"2020-11-03T19:25:53","modified_gmt":"2020-11-03T19:25:53","slug":"ogliastra","status":"publish","type":"page","link":"https:\/\/uko7000.com\/en\/italien\/sardinien\/ogliastra\/","title":{"rendered":"Ogliastra"},"content":{"rendered":"\n<h3 class=\"wp-block-heading\">Der Wilde Osten Sardiniens<\/h3>\n\n\n\n<p class=\"wp-block-paragraph\">Viele, die Sardinien h\u00f6ren, denken &#8220;Smaragdk\u00fcste&#8221;. Klar, kennt jeder. Und sieht ja auch nice aus, die Nordwestk\u00fcste zwischen Olbia und La Maddalena. Dort wirklich urlauben tun aber nur VIPs und B-VIPs und reiche Russen auf ihren Monsterjachten. Dazu Lewandowski, Berlusconi, Briatore, die Liga halt. Ganz ehrlich: Cooler oder zumindest netter is dann doch woanders. Zum Beispiel zwei Stunden s\u00fcdlich davon, immer die Westk\u00fcste runter. Hier erstreckt sich ein unbekannteres, aber genauso spannendes Fleckchen Erde, mit versteckten Str\u00e4nden, schroffen Felsen und Banditenst\u00e4dtchen: die Ogliastra, der wilde Osten Sardiniens. Es ist ein ungeb\u00e4ndigter Spirit, der sich durch die einstige Provinzhauptstadt Lanusei, die K\u00fcstenorte Bari Sardo, Tortoli und Arbatax und nat\u00fcrlich das unwegsame, bergige Hinterland zieht &#8211; so zumindest sieht man sich dort gern. Was jetzt nicht hei\u00dft, dass die Leute nicht nett w\u00e4ren. Denn das sind sie, dort noch eher als im hochglanzpolierten Norden.<\/p>\n\n\n\n<figure class=\"wp-block-image size-large\"><img data-recalc-dims=\"1\" loading=\"lazy\" decoding=\"async\" width=\"768\" height=\"335\" src=\"https:\/\/i0.wp.com\/uko7000.com\/wp-content\/uploads\/2020\/09\/Sardinia-2020_Ogliastra_02.jpg?resize=768%2C335&#038;ssl=1\" alt=\"\" class=\"wp-image-2397\" srcset=\"https:\/\/i0.wp.com\/uko7000.com\/wp-content\/uploads\/2020\/09\/Sardinia-2020_Ogliastra_02.jpg?w=900&amp;ssl=1 900w, https:\/\/i0.wp.com\/uko7000.com\/wp-content\/uploads\/2020\/09\/Sardinia-2020_Ogliastra_02.jpg?resize=300%2C131&amp;ssl=1 300w, https:\/\/i0.wp.com\/uko7000.com\/wp-content\/uploads\/2020\/09\/Sardinia-2020_Ogliastra_02.jpg?resize=768%2C335&amp;ssl=1 768w\" sizes=\"auto, (max-width: 768px) 100vw, 768px\" \/><figcaption>Mitten in der Ogliastra: Hochgef\u00fchle irgendwo zwischen Baunei und der Cala Goloritz\u00e9<\/figcaption><\/figure>\n\n\n\n<p class=\"wp-block-paragraph\">Wundersch\u00f6ne Str\u00e4nde, einsame Buchten, spektakul\u00e4re (und daf\u00fcr leider nicht ganz so einsame) Buchten &#8211; die Ogliastra ist voll davon.  Besonders zwischen Arbatax und Bari Sardo.  Mit Cea, Foxilioni und Lido di Orri liegen gleich drei wundersch\u00f6ne nebeneinander, getrennt nur durch kleinere Badebuchten, Fels und Wald.<\/p>\n\n\n\n<figure class=\"wp-block-image size-large\"><img data-recalc-dims=\"1\" loading=\"lazy\" decoding=\"async\" width=\"768\" height=\"513\" src=\"https:\/\/i0.wp.com\/uko7000.com\/wp-content\/uploads\/2020\/09\/2020-08_Sardinia_Cea-Beach_01.jpg?resize=768%2C513&#038;ssl=1\" alt=\"\" class=\"wp-image-2406\" srcset=\"https:\/\/i0.wp.com\/uko7000.com\/wp-content\/uploads\/2020\/09\/2020-08_Sardinia_Cea-Beach_01.jpg?w=898&amp;ssl=1 898w, https:\/\/i0.wp.com\/uko7000.com\/wp-content\/uploads\/2020\/09\/2020-08_Sardinia_Cea-Beach_01.jpg?resize=300%2C200&amp;ssl=1 300w, https:\/\/i0.wp.com\/uko7000.com\/wp-content\/uploads\/2020\/09\/2020-08_Sardinia_Cea-Beach_01.jpg?resize=768%2C513&amp;ssl=1 768w\" sizes=\"auto, (max-width: 768px) 100vw, 768px\" \/><figcaption>Lang, wei\u00df, megarelaxed: Der Strand von Cea am sp\u00e4ten Nachmittag<\/figcaption><\/figure>\n\n\n\n<figure class=\"wp-block-image size-large\"><img data-recalc-dims=\"1\" loading=\"lazy\" decoding=\"async\" width=\"768\" height=\"513\" src=\"https:\/\/i0.wp.com\/uko7000.com\/wp-content\/uploads\/2020\/09\/2020-08_Sardinia_Cea-Beach_02.jpg?resize=768%2C513&#038;ssl=1\" alt=\"\" class=\"wp-image-2407\" srcset=\"https:\/\/i0.wp.com\/uko7000.com\/wp-content\/uploads\/2020\/09\/2020-08_Sardinia_Cea-Beach_02.jpg?w=898&amp;ssl=1 898w, https:\/\/i0.wp.com\/uko7000.com\/wp-content\/uploads\/2020\/09\/2020-08_Sardinia_Cea-Beach_02.jpg?resize=300%2C200&amp;ssl=1 300w, https:\/\/i0.wp.com\/uko7000.com\/wp-content\/uploads\/2020\/09\/2020-08_Sardinia_Cea-Beach_02.jpg?resize=768%2C513&amp;ssl=1 768w\" sizes=\"auto, (max-width: 768px) 100vw, 768px\" \/><figcaption>Irgendwas ist immer &#8211; Kids am Strand von Cea<\/figcaption><\/figure>\n\n\n\n<p class=\"wp-block-paragraph\">Der letzte Strand im Norden, bevor das gro\u00dfe Felsmassiv des Gennargentu beginnt, ist der kleine Hausstrand des vertr\u00e4umten Ferienorts Santa Maria Navarrese.<\/p>\n\n\n\n<figure class=\"wp-block-image size-large\"><img data-recalc-dims=\"1\" loading=\"lazy\" decoding=\"async\" width=\"768\" height=\"513\" src=\"https:\/\/i0.wp.com\/uko7000.com\/wp-content\/uploads\/2020\/09\/2020-08_Sardinia_Santa-Maria-Navarrese_01.jpg?resize=768%2C513&#038;ssl=1\" alt=\"\" class=\"wp-image-2384\" srcset=\"https:\/\/i0.wp.com\/uko7000.com\/wp-content\/uploads\/2020\/09\/2020-08_Sardinia_Santa-Maria-Navarrese_01.jpg?w=898&amp;ssl=1 898w, https:\/\/i0.wp.com\/uko7000.com\/wp-content\/uploads\/2020\/09\/2020-08_Sardinia_Santa-Maria-Navarrese_01.jpg?resize=300%2C200&amp;ssl=1 300w, https:\/\/i0.wp.com\/uko7000.com\/wp-content\/uploads\/2020\/09\/2020-08_Sardinia_Santa-Maria-Navarrese_01.jpg?resize=768%2C513&amp;ssl=1 768w\" sizes=\"auto, (max-width: 768px) 100vw, 768px\" \/><figcaption>Mit Wehrturm, Flamingo und Salvataggio &#8211; der Hausstrand von Santa Maria Navarrese<\/figcaption><\/figure>\n\n\n\n<h3 class=\"wp-block-heading\">Golf von Orosei: Die Mondbucht Cala Luna<\/h3>\n\n\n\n<p class=\"wp-block-paragraph\">Gleich oberhalb der Ogliastra liegt der ausladende Golf von Orosei mit dem Bergmassiv des Gennargentu. Hier finden sich wundersch\u00f6ne, aber mitunter schwer zug\u00e4ngliche Buchten, Grotten und Str\u00e4nde. Zu den ber\u00fchmtesten z\u00e4hlt die Cala Luna. <\/p>\n\n\n\n<figure class=\"wp-block-image size-large\"><img data-recalc-dims=\"1\" loading=\"lazy\" decoding=\"async\" width=\"768\" height=\"404\" src=\"https:\/\/i0.wp.com\/uko7000.com\/wp-content\/uploads\/2020\/09\/2020-08_Sardinia_Cala-Luna_01.jpg?resize=768%2C404&#038;ssl=1\" alt=\"Anfahrt auf die Cala Luna\" class=\"wp-image-2404\" srcset=\"https:\/\/i0.wp.com\/uko7000.com\/wp-content\/uploads\/2020\/09\/2020-08_Sardinia_Cala-Luna_01.jpg?w=900&amp;ssl=1 900w, https:\/\/i0.wp.com\/uko7000.com\/wp-content\/uploads\/2020\/09\/2020-08_Sardinia_Cala-Luna_01.jpg?resize=300%2C158&amp;ssl=1 300w, https:\/\/i0.wp.com\/uko7000.com\/wp-content\/uploads\/2020\/09\/2020-08_Sardinia_Cala-Luna_01.jpg?resize=768%2C404&amp;ssl=1 768w\" sizes=\"auto, (max-width: 768px) 100vw, 768px\" \/><figcaption>Ein Traum in T\u00fcrkis: Anfahrt auf die Cala Luna am Golf von Orosei<\/figcaption><\/figure>\n\n\n\n<figure class=\"wp-block-image size-large\"><img data-recalc-dims=\"1\" loading=\"lazy\" decoding=\"async\" width=\"768\" height=\"513\" src=\"https:\/\/i0.wp.com\/uko7000.com\/wp-content\/uploads\/2020\/09\/Sardinia-2020_Cala-Luna_10.jpg?resize=768%2C513&#038;ssl=1\" alt=\"\" class=\"wp-image-2386\" srcset=\"https:\/\/i0.wp.com\/uko7000.com\/wp-content\/uploads\/2020\/09\/Sardinia-2020_Cala-Luna_10.jpg?w=898&amp;ssl=1 898w, https:\/\/i0.wp.com\/uko7000.com\/wp-content\/uploads\/2020\/09\/Sardinia-2020_Cala-Luna_10.jpg?resize=300%2C200&amp;ssl=1 300w, https:\/\/i0.wp.com\/uko7000.com\/wp-content\/uploads\/2020\/09\/Sardinia-2020_Cala-Luna_10.jpg?resize=768%2C513&amp;ssl=1 768w\" sizes=\"auto, (max-width: 768px) 100vw, 768px\" \/><figcaption>Spektakul\u00e4rer Blick aus einer der Kalksteinh\u00f6hlen auf den Strand von Cala Luna<\/figcaption><\/figure>\n\n\n\n<p class=\"wp-block-paragraph\">Die Cala Luna ist nicht ganz einfach zu erreichen. Am besten nimmt man eines der vielen Ausflugs- oder Schlauchboote. Von Cala Gonone ist man etwa eine halbe Stunde unterwegs. F\u00fcr die Toughen: Von dort f\u00fchrt auch ein Wanderweg zur Bucht &#8211; Dauer: ca. 2 Stunden pro Weg. Haben wir nicht gemacht, aber stabile Schuhe und ausreichend Wasser f\u00fcr unterwegs werden dringend empfohlen. F\u00fcr die Relaxten: Der Bootstrip ist wirklich nice und l\u00e4sst sich noch mit Abstechern kombinieren, etwa zur nahe gelegenen Grotte del Blue Marino.  In Coronazeiten im Juli 2020 mussten wir bei der Buchung am Hafen von Cala Gonone eine genaue R\u00fcckfahrtszeit angeben. Mit zwei Stunden in der Cala Luna kamen wir ganz gut hin, ein St\u00fcndchen mehr h\u00e4tte aber sicher auch nicht geschadet. Cool ist, dass &#8211; wenn es zu hei\u00df wird (und das wird es im Juli quasi sofort) &#8211; man nicht mal einen Sonnenschirm braucht, weil die Strandh\u00f6hlen reichlich Platz und Schatten bieten.<\/p>\n\n\n\n<figure class=\"wp-block-image size-large\"><img data-recalc-dims=\"1\" loading=\"lazy\" decoding=\"async\" width=\"768\" height=\"513\" src=\"https:\/\/i0.wp.com\/uko7000.com\/wp-content\/uploads\/2020\/09\/Sardinia-2020_Cala-Luna_07.jpg?resize=768%2C513&#038;ssl=1\" alt=\"St\u00fcndlich per Boot: Die Invasion der Monds\u00fcchtigen\" class=\"wp-image-2385\" srcset=\"https:\/\/i0.wp.com\/uko7000.com\/wp-content\/uploads\/2020\/09\/Sardinia-2020_Cala-Luna_07.jpg?w=898&amp;ssl=1 898w, https:\/\/i0.wp.com\/uko7000.com\/wp-content\/uploads\/2020\/09\/Sardinia-2020_Cala-Luna_07.jpg?resize=300%2C200&amp;ssl=1 300w, https:\/\/i0.wp.com\/uko7000.com\/wp-content\/uploads\/2020\/09\/Sardinia-2020_Cala-Luna_07.jpg?resize=768%2C513&amp;ssl=1 768w\" sizes=\"auto, (max-width: 768px) 100vw, 768px\" \/><figcaption>St\u00fcndlich per Boot &#8211; die Invasion der Monds\u00fcchtigen<\/figcaption><\/figure>\n\n\n\n<h3 class=\"wp-block-heading\">Nuraghe Serbissi: Hoch hinaus<\/h3>\n\n\n\n<p class=\"wp-block-paragraph\">Ancient Culture auf fast 1.000 Metern H\u00f6he: Die in der Bronzezeit entstandene Nuraghekomplex Nuraghe Serbissi (18.-10. Jh. v. Chr.) liegt auf einem Hochplateau mit tollem Blick auf T\u00e4ler und H\u00fcgel der Ogliastra. Auch dieser Punkt ist nicht gerade einfach zu erreichen. Hauptsache, der Mietwagen ist weder schwachbr\u00fcstig noch tiefergelegt &#8211; es warten steile Serpentinen und abenteuerlich grobschotterige Crossroadpisten. Die letzten paar hundert Meter zu Fu\u00df einen steilen Anstieg hinauf, vorbei am Kassenh\u00e4uschen, dann ist man da.<\/p>\n\n\n\n<figure class=\"wp-block-image size-large\"><img data-recalc-dims=\"1\" loading=\"lazy\" decoding=\"async\" width=\"768\" height=\"513\" src=\"https:\/\/i0.wp.com\/uko7000.com\/wp-content\/uploads\/2020\/09\/2020-08_Sardinia_Nuraghe-Serbissi_01.jpg?resize=768%2C513&#038;ssl=1\" alt=\"\" class=\"wp-image-2408\" srcset=\"https:\/\/i0.wp.com\/uko7000.com\/wp-content\/uploads\/2020\/09\/2020-08_Sardinia_Nuraghe-Serbissi_01.jpg?w=899&amp;ssl=1 899w, https:\/\/i0.wp.com\/uko7000.com\/wp-content\/uploads\/2020\/09\/2020-08_Sardinia_Nuraghe-Serbissi_01.jpg?resize=300%2C200&amp;ssl=1 300w, https:\/\/i0.wp.com\/uko7000.com\/wp-content\/uploads\/2020\/09\/2020-08_Sardinia_Nuraghe-Serbissi_01.jpg?resize=768%2C513&amp;ssl=1 768w\" sizes=\"auto, (max-width: 768px) 100vw, 768px\" \/><figcaption>Ein paar tausend Jahre alt: Die Nuraghe Serbissi auf dem Plateau von Tacco nahe Ulassai<\/figcaption><\/figure>\n\n\n\n<p class=\"wp-block-paragraph\">Stille. Weitblick. Die Ruhe der Jahrtausende zwischen uralten, kunstfertig aufgeschichteten Steinen. Und: Kaum andere Touristen. Das ist der Vorteil der stressigen Anfahrt. Wer hier oben steht und die weite, rauhe, bergige Landschaft anschaut, kann verstehen, warum Sardinien immer auch als Insel der Banditen und Rebellen galt. <\/p>\n\n\n\n<figure class=\"wp-block-image size-large\"><img data-recalc-dims=\"1\" loading=\"lazy\" decoding=\"async\" width=\"768\" height=\"508\" src=\"https:\/\/i0.wp.com\/uko7000.com\/wp-content\/uploads\/2020\/09\/Sardinia-2020_Nuraghe-Serbissi_03.jpg?resize=768%2C508&#038;ssl=1\" alt=\"\" class=\"wp-image-2396\" srcset=\"https:\/\/i0.wp.com\/uko7000.com\/wp-content\/uploads\/2020\/09\/Sardinia-2020_Nuraghe-Serbissi_03.jpg?w=900&amp;ssl=1 900w, https:\/\/i0.wp.com\/uko7000.com\/wp-content\/uploads\/2020\/09\/Sardinia-2020_Nuraghe-Serbissi_03.jpg?resize=300%2C198&amp;ssl=1 300w, https:\/\/i0.wp.com\/uko7000.com\/wp-content\/uploads\/2020\/09\/Sardinia-2020_Nuraghe-Serbissi_03.jpg?resize=768%2C508&amp;ssl=1 768w\" sizes=\"auto, (max-width: 768px) 100vw, 768px\" \/><figcaption>Still und weit: Blick vom Hauptturm<\/figcaption><\/figure>\n","protected":false},"excerpt":{"rendered":"<p>Der Wilde Osten Sardiniens Viele, die Sardinien h\u00f6ren, denken &#8220;Smaragdk\u00fcste&#8221;. Klar, kennt jeder. Und sieht ja auch nice aus, die Nordwestk\u00fcste zwischen Olbia und La Maddalena. Dort wirklich urlauben tun aber nur VIPs und B-VIPs und reiche Russen auf ihren Monsterjachten. Dazu Lewandowski, Berlusconi, Briatore, die Liga halt. Ganz ehrlich: Cooler oder zumindest netter is [&hellip;]<\/p>\n","protected":false},"author":1,"featured_media":0,"parent":399,"menu_order":0,"comment_status":"closed","ping_status":"closed","template":"","meta":{"_crdt_document":"","footnotes":""},"class_list":["post-2411","page","type-page","status-publish","hentry"],"translation":{"provider":"WPGlobus","version":"3.0.2","language":"en","enabled_languages":["de","en"],"languages":{"de":{"title":true,"content":true,"excerpt":false},"en":{"title":false,"content":false,"excerpt":false}}},"jetpack_sharing_enabled":true,"_links":{"self":[{"href":"https:\/\/uko7000.com\/en\/wp-json\/wp\/v2\/pages\/2411","targetHints":{"allow":["GET"]}}],"collection":[{"href":"https:\/\/uko7000.com\/en\/wp-json\/wp\/v2\/pages"}],"about":[{"href":"https:\/\/uko7000.com\/en\/wp-json\/wp\/v2\/types\/page"}],"author":[{"embeddable":true,"href":"https:\/\/uko7000.com\/en\/wp-json\/wp\/v2\/users\/1"}],"replies":[{"embeddable":true,"href":"https:\/\/uko7000.com\/en\/wp-json\/wp\/v2\/comments?post=2411"}],"version-history":[{"count":20,"href":"https:\/\/uko7000.com\/en\/wp-json\/wp\/v2\/pages\/2411\/revisions"}],"predecessor-version":[{"id":2438,"href":"https:\/\/uko7000.com\/en\/wp-json\/wp\/v2\/pages\/2411\/revisions\/2438"}],"up":[{"embeddable":true,"href":"https:\/\/uko7000.com\/en\/wp-json\/wp\/v2\/pages\/399"}],"wp:attachment":[{"href":"https:\/\/uko7000.com\/en\/wp-json\/wp\/v2\/media?parent=2411"}],"curies":[{"name":"wp","href":"https:\/\/api.w.org\/{rel}","templated":true}]}}