{"id":2445,"date":"2021-09-01T13:38:59","date_gmt":"2021-09-01T13:38:59","guid":{"rendered":"https:\/\/uko7000.com\/?page_id=2445"},"modified":"2021-09-01T14:13:51","modified_gmt":"2021-09-01T14:13:51","slug":"kos-zuhause-bei-hippokrates","status":"publish","type":"page","link":"https:\/\/uko7000.com\/en\/griechenland\/kos-zuhause-bei-hippokrates\/","title":{"rendered":"Kos &#8211; Zuhause bei Hippokrates"},"content":{"rendered":"\n<p class=\"wp-block-paragraph\">Kos ist ein Fisch &#8211; zumindest wenn man sich die s\u00fcdliche \u00c4g\u00e4is auf der Landkarte anschaut &#8211; ein Fisch, der in Richtung Osten auf die nur wenige Seemeilen entfernte T\u00fcrkei blickt, und dessen Schwanzflosse tief im Westen vor der versinkenden Sonne zappelt. Dazwischen liegen knapp 290 km2 Trauminsel. Mit verwunschenen Ritterburgen, verlassenen Bergd\u00f6rfern, karstigen Ruinen, magischen Kr\u00e4uterg\u00e4rten und der Geburtsst\u00e4tte der modernen Medizin. Kos ist eine der kleineren Inseln &#8211; aber in Sachen Entdecker- und Abenteuerlust f\u00fcr Reisende eine ganz gro\u00dfe.<\/p>\n\n\n\n<figure class=\"wp-block-image size-full\"><img data-recalc-dims=\"1\" loading=\"lazy\" decoding=\"async\" width=\"768\" height=\"513\" src=\"https:\/\/i0.wp.com\/uko7000.com\/wp-content\/uploads\/2021\/09\/Kos_Sunrise-Agios_01_900x600.jpg?resize=768%2C513&#038;ssl=1\" alt=\"\" class=\"wp-image-2450\" srcset=\"https:\/\/i0.wp.com\/uko7000.com\/wp-content\/uploads\/2021\/09\/Kos_Sunrise-Agios_01_900x600.jpg?w=900&amp;ssl=1 900w, https:\/\/i0.wp.com\/uko7000.com\/wp-content\/uploads\/2021\/09\/Kos_Sunrise-Agios_01_900x600.jpg?resize=300%2C200&amp;ssl=1 300w, https:\/\/i0.wp.com\/uko7000.com\/wp-content\/uploads\/2021\/09\/Kos_Sunrise-Agios_01_900x600.jpg?resize=768%2C513&amp;ssl=1 768w\" sizes=\"auto, (max-width: 768px) 100vw, 768px\" \/><figcaption>Magisch: Sonnenaufgang an den Ruinen der Basilika St. Stefanos am Agios Stefanos Strand, Kefalos, Kos<\/figcaption><\/figure>\n\n\n\n<p class=\"wp-block-paragraph\"><\/p>\n\n\n\n<p class=\"wp-block-paragraph\">(&#8230;more soon&#8230;)<\/p>\n\n\n\n<p class=\"wp-block-paragraph\"><\/p>\n","protected":false},"excerpt":{"rendered":"<p>Kos ist ein Fisch &#8211; zumindest wenn man sich die s\u00fcdliche \u00c4g\u00e4is auf der Landkarte anschaut &#8211; ein Fisch, der in Richtung Osten auf die nur wenige Seemeilen entfernte T\u00fcrkei blickt, und dessen Schwanzflosse tief im Westen vor der versinkenden Sonne zappelt. Dazwischen liegen knapp 290 km2 Trauminsel. Mit verwunschenen Ritterburgen, verlassenen Bergd\u00f6rfern, karstigen Ruinen, [&hellip;]<\/p>\n","protected":false},"author":1,"featured_media":0,"parent":206,"menu_order":0,"comment_status":"closed","ping_status":"closed","template":"","meta":{"_crdt_document":"","footnotes":""},"class_list":["post-2445","page","type-page","status-publish","hentry"],"translation":{"provider":"WPGlobus","version":"3.0.2","language":"en","enabled_languages":["de","en"],"languages":{"de":{"title":true,"content":true,"excerpt":false},"en":{"title":false,"content":false,"excerpt":false}}},"jetpack_sharing_enabled":true,"_links":{"self":[{"href":"https:\/\/uko7000.com\/en\/wp-json\/wp\/v2\/pages\/2445","targetHints":{"allow":["GET"]}}],"collection":[{"href":"https:\/\/uko7000.com\/en\/wp-json\/wp\/v2\/pages"}],"about":[{"href":"https:\/\/uko7000.com\/en\/wp-json\/wp\/v2\/types\/page"}],"author":[{"embeddable":true,"href":"https:\/\/uko7000.com\/en\/wp-json\/wp\/v2\/users\/1"}],"replies":[{"embeddable":true,"href":"https:\/\/uko7000.com\/en\/wp-json\/wp\/v2\/comments?post=2445"}],"version-history":[{"count":4,"href":"https:\/\/uko7000.com\/en\/wp-json\/wp\/v2\/pages\/2445\/revisions"}],"predecessor-version":[{"id":2452,"href":"https:\/\/uko7000.com\/en\/wp-json\/wp\/v2\/pages\/2445\/revisions\/2452"}],"up":[{"embeddable":true,"href":"https:\/\/uko7000.com\/en\/wp-json\/wp\/v2\/pages\/206"}],"wp:attachment":[{"href":"https:\/\/uko7000.com\/en\/wp-json\/wp\/v2\/media?parent=2445"}],"curies":[{"name":"wp","href":"https:\/\/api.w.org\/{rel}","templated":true}]}}