{"id":2511,"date":"2022-08-09T09:38:02","date_gmt":"2022-08-09T09:38:02","guid":{"rendered":"https:\/\/uko7000.com\/?page_id=2511"},"modified":"2022-08-09T09:56:56","modified_gmt":"2022-08-09T09:56:56","slug":"monte-gordo","status":"publish","type":"page","link":"https:\/\/uko7000.com\/en\/monte-gordo\/","title":{"rendered":"Monte Gordo"},"content":{"rendered":"\n<p class=\"wp-block-paragraph\">Die portugiesische Algarve im Osten: Keine schroffen Felsen und malerischen Buchten. Daf\u00fcr unendliche Orangen- und Mandarinenplantagen &#8211; und Sandstr\u00e4nde. Vor allem bei Monte Gordo, dem famili\u00e4ren Badeort unweit der spanischen Grenze, die hier der m\u00e4chtige Fluss Guadiana markiert.<\/p>\n\n\n\n<p class=\"wp-block-paragraph\">(soon&#8230;)<\/p>\n\n\n\n<figure class=\"wp-block-embed is-type-video is-provider-youtube wp-block-embed-youtube wp-embed-aspect-16-9 wp-has-aspect-ratio\"><div class=\"wp-block-embed__wrapper\">\n<div class=\"jetpack-video-wrapper\"><iframe loading=\"lazy\" title=\"Monte Gordo, Portugal 2022\" width=\"768\" height=\"432\" src=\"https:\/\/www.youtube.com\/embed\/tD6KGYiMDdY?feature=oembed\" frameborder=\"0\" allow=\"accelerometer; autoplay; clipboard-write; encrypted-media; gyroscope; picture-in-picture\" allowfullscreen><\/iframe><\/div>\n<\/div><figcaption class=\"wp-element-caption\">A trip to Monte Gordo<\/figcaption><\/figure>\n\n\n","protected":false},"excerpt":{"rendered":"<p>Die portugiesische Algarve im Osten: Keine schroffen Felsen und malerischen Buchten. Daf\u00fcr unendliche Orangen- und Mandarinenplantagen &#8211; und Sandstr\u00e4nde. Vor allem bei Monte Gordo, dem famili\u00e4ren Badeort unweit der spanischen Grenze, die hier der m\u00e4chtige Fluss Guadiana markiert. (soon&#8230;)<\/p>\n","protected":false},"author":1,"featured_media":0,"parent":0,"menu_order":0,"comment_status":"closed","ping_status":"closed","template":"","meta":{"_crdt_document":"","footnotes":""},"class_list":["post-2511","page","type-page","status-publish","hentry"],"translation":{"provider":"WPGlobus","version":"3.0.2","language":"en","enabled_languages":["de","en"],"languages":{"de":{"title":true,"content":true,"excerpt":false},"en":{"title":false,"content":false,"excerpt":false}}},"jetpack_sharing_enabled":true,"_links":{"self":[{"href":"https:\/\/uko7000.com\/en\/wp-json\/wp\/v2\/pages\/2511","targetHints":{"allow":["GET"]}}],"collection":[{"href":"https:\/\/uko7000.com\/en\/wp-json\/wp\/v2\/pages"}],"about":[{"href":"https:\/\/uko7000.com\/en\/wp-json\/wp\/v2\/types\/page"}],"author":[{"embeddable":true,"href":"https:\/\/uko7000.com\/en\/wp-json\/wp\/v2\/users\/1"}],"replies":[{"embeddable":true,"href":"https:\/\/uko7000.com\/en\/wp-json\/wp\/v2\/comments?post=2511"}],"version-history":[{"count":4,"href":"https:\/\/uko7000.com\/en\/wp-json\/wp\/v2\/pages\/2511\/revisions"}],"predecessor-version":[{"id":2519,"href":"https:\/\/uko7000.com\/en\/wp-json\/wp\/v2\/pages\/2511\/revisions\/2519"}],"wp:attachment":[{"href":"https:\/\/uko7000.com\/en\/wp-json\/wp\/v2\/media?parent=2511"}],"curies":[{"name":"wp","href":"https:\/\/api.w.org\/{rel}","templated":true}]}}