{"id":318,"date":"2017-06-10T16:37:09","date_gmt":"2017-06-10T16:37:09","guid":{"rendered":"http:\/\/uko7000.com\/?page_id=318"},"modified":"2017-08-15T14:01:43","modified_gmt":"2017-08-15T14:01:43","slug":"korfu","status":"publish","type":"page","link":"https:\/\/uko7000.com\/en\/griechenland\/korfu\/","title":{"rendered":"Korfu"},"content":{"rendered":"<p>Sie gilt als die gr\u00fcne Insel Griechenlands, ein funkelnder Smaragd im Mittelmeer, ein Potpourri griechischer Sch\u00f6nheit und Tradition auf vergleichsweise engem Raum. Korfu. Mit nicht einmal 600 Quadratkilometern ist sie nur die siebtgr\u00f6\u00dfte Insel des Landes. Aber sicher eine der sch\u00f6nsten. Und reichsten.<\/p>\n<figure id=\"attachment_724\" aria-describedby=\"caption-attachment-724\" style=\"width: 768px\" class=\"wp-caption aligncenter\"><a href=\"https:\/\/i0.wp.com\/uko7000.com\/wp-content\/uploads\/2017\/08\/PI8A743314.jpg\"><img data-recalc-dims=\"1\" loading=\"lazy\" decoding=\"async\" class=\"wp-image-724 size-large\" src=\"https:\/\/i0.wp.com\/uko7000.com\/wp-content\/uploads\/2017\/08\/PI8A743314-4032x2688.jpg?resize=768%2C512\" alt=\"\" width=\"768\" height=\"512\" srcset=\"https:\/\/i0.wp.com\/uko7000.com\/wp-content\/uploads\/2017\/08\/PI8A743314.jpg?resize=4032%2C2688&amp;ssl=1 4032w, https:\/\/i0.wp.com\/uko7000.com\/wp-content\/uploads\/2017\/08\/PI8A743314.jpg?resize=300%2C200&amp;ssl=1 300w, https:\/\/i0.wp.com\/uko7000.com\/wp-content\/uploads\/2017\/08\/PI8A743314.jpg?resize=768%2C512&amp;ssl=1 768w, https:\/\/i0.wp.com\/uko7000.com\/wp-content\/uploads\/2017\/08\/PI8A743314.jpg?w=1536&amp;ssl=1 1536w, https:\/\/i0.wp.com\/uko7000.com\/wp-content\/uploads\/2017\/08\/PI8A743314.jpg?w=2304&amp;ssl=1 2304w\" sizes=\"auto, (max-width: 768px) 100vw, 768px\" \/><\/a><figcaption id=\"caption-attachment-724\" class=\"wp-caption-text\">Angelokastro &#8211; verlassene Festung hoch \u00fcber Korfus Westk\u00fcste<\/figcaption><\/figure>\n<p>hhh<\/p>\n<figure id=\"attachment_736\" aria-describedby=\"caption-attachment-736\" style=\"width: 768px\" class=\"wp-caption aligncenter\"><a href=\"https:\/\/i0.wp.com\/uko7000.com\/wp-content\/uploads\/2017\/08\/Corfu_07_12.jpg\"><img data-recalc-dims=\"1\" loading=\"lazy\" decoding=\"async\" class=\"wp-image-736 size-large\" src=\"https:\/\/i0.wp.com\/uko7000.com\/wp-content\/uploads\/2017\/08\/Corfu_07_12-4032x2688.jpg?resize=768%2C512\" alt=\"\" width=\"768\" height=\"512\" srcset=\"https:\/\/i0.wp.com\/uko7000.com\/wp-content\/uploads\/2017\/08\/Corfu_07_12.jpg?resize=4032%2C2688&amp;ssl=1 4032w, https:\/\/i0.wp.com\/uko7000.com\/wp-content\/uploads\/2017\/08\/Corfu_07_12.jpg?resize=300%2C200&amp;ssl=1 300w, https:\/\/i0.wp.com\/uko7000.com\/wp-content\/uploads\/2017\/08\/Corfu_07_12.jpg?resize=768%2C512&amp;ssl=1 768w, https:\/\/i0.wp.com\/uko7000.com\/wp-content\/uploads\/2017\/08\/Corfu_07_12.jpg?w=1536&amp;ssl=1 1536w, https:\/\/i0.wp.com\/uko7000.com\/wp-content\/uploads\/2017\/08\/Corfu_07_12.jpg?w=2304&amp;ssl=1 2304w\" sizes=\"auto, (max-width: 768px) 100vw, 768px\" \/><\/a><figcaption id=\"caption-attachment-736\" class=\"wp-caption-text\">Die Touristen lieben&#8217;s halt: Sirtaki tanzende Kellner machen gute Miene<\/figcaption><\/figure>\n<p>tbc&#8230;<\/p>\n<figure id=\"attachment_725\" aria-describedby=\"caption-attachment-725\" style=\"width: 768px\" class=\"wp-caption aligncenter\"><a href=\"https:\/\/i0.wp.com\/uko7000.com\/wp-content\/uploads\/2017\/08\/Corfu_04_41.jpg\"><img data-recalc-dims=\"1\" loading=\"lazy\" decoding=\"async\" class=\"wp-image-725 size-large\" src=\"https:\/\/i0.wp.com\/uko7000.com\/wp-content\/uploads\/2017\/08\/Corfu_04_41-4032x2688.jpg?resize=768%2C512\" alt=\"\" width=\"768\" height=\"512\" srcset=\"https:\/\/i0.wp.com\/uko7000.com\/wp-content\/uploads\/2017\/08\/Corfu_04_41.jpg?resize=4032%2C2688&amp;ssl=1 4032w, https:\/\/i0.wp.com\/uko7000.com\/wp-content\/uploads\/2017\/08\/Corfu_04_41.jpg?resize=300%2C200&amp;ssl=1 300w, https:\/\/i0.wp.com\/uko7000.com\/wp-content\/uploads\/2017\/08\/Corfu_04_41.jpg?resize=768%2C512&amp;ssl=1 768w, https:\/\/i0.wp.com\/uko7000.com\/wp-content\/uploads\/2017\/08\/Corfu_04_41.jpg?w=1536&amp;ssl=1 1536w, https:\/\/i0.wp.com\/uko7000.com\/wp-content\/uploads\/2017\/08\/Corfu_04_41.jpg?w=2304&amp;ssl=1 2304w\" sizes=\"auto, (max-width: 768px) 100vw, 768px\" \/><\/a><figcaption id=\"caption-attachment-725\" class=\"wp-caption-text\">Mirtiotissa Beach &#8211; ein Traum zwischen Kloster und steilen Abh\u00e4ngen<\/figcaption><\/figure>\n<div class=\"jetpack-video-wrapper\"><iframe loading=\"lazy\" width=\"768\" height=\"432\" src=\"https:\/\/www.youtube.com\/embed\/Jid354k-DB0?feature=oembed\" frameborder=\"0\" allowfullscreen><\/iframe><\/div>\n","protected":false},"excerpt":{"rendered":"<p>Sie gilt als die gr\u00fcne Insel Griechenlands, ein funkelnder Smaragd im Mittelmeer, ein Potpourri griechischer Sch\u00f6nheit und Tradition auf vergleichsweise engem Raum. Korfu. Mit nicht einmal 600 Quadratkilometern ist sie nur die siebtgr\u00f6\u00dfte Insel des Landes. Aber sicher eine der sch\u00f6nsten. Und reichsten. hhh tbc&#8230;<\/p>\n","protected":false},"author":1,"featured_media":0,"parent":206,"menu_order":1,"comment_status":"closed","ping_status":"closed","template":"","meta":{"_crdt_document":"","footnotes":""},"class_list":["post-318","page","type-page","status-publish","hentry"],"translation":{"provider":"WPGlobus","version":"3.0.2","language":"en","enabled_languages":["de","en"],"languages":{"de":{"title":true,"content":true,"excerpt":false},"en":{"title":false,"content":false,"excerpt":false}}},"jetpack_sharing_enabled":true,"_links":{"self":[{"href":"https:\/\/uko7000.com\/en\/wp-json\/wp\/v2\/pages\/318","targetHints":{"allow":["GET"]}}],"collection":[{"href":"https:\/\/uko7000.com\/en\/wp-json\/wp\/v2\/pages"}],"about":[{"href":"https:\/\/uko7000.com\/en\/wp-json\/wp\/v2\/types\/page"}],"author":[{"embeddable":true,"href":"https:\/\/uko7000.com\/en\/wp-json\/wp\/v2\/users\/1"}],"replies":[{"embeddable":true,"href":"https:\/\/uko7000.com\/en\/wp-json\/wp\/v2\/comments?post=318"}],"version-history":[{"count":9,"href":"https:\/\/uko7000.com\/en\/wp-json\/wp\/v2\/pages\/318\/revisions"}],"predecessor-version":[{"id":768,"href":"https:\/\/uko7000.com\/en\/wp-json\/wp\/v2\/pages\/318\/revisions\/768"}],"up":[{"embeddable":true,"href":"https:\/\/uko7000.com\/en\/wp-json\/wp\/v2\/pages\/206"}],"wp:attachment":[{"href":"https:\/\/uko7000.com\/en\/wp-json\/wp\/v2\/media?parent=318"}],"curies":[{"name":"wp","href":"https:\/\/api.w.org\/{rel}","templated":true}]}}