{"id":397,"date":"2017-06-13T14:59:40","date_gmt":"2017-06-13T14:59:40","guid":{"rendered":"http:\/\/uko7000.com\/?page_id=397"},"modified":"2017-08-22T10:49:04","modified_gmt":"2017-08-22T10:49:04","slug":"sizilien","status":"publish","type":"page","link":"https:\/\/uko7000.com\/en\/italien\/sizilien\/","title":{"rendered":"Sizilien"},"content":{"rendered":"<p>Einer meiner Alltime-Lieblingsinseln: Sizilien, die gro\u00dfe tragisch-stolze, rebellisch-leidenschaftliche, fruchtbar-t\u00f6dliche,\u00a0<span style=\"line-height: 1.5;\">mitunter abgrundtief dunkle, vor allem aber\u00a0<\/span><span style=\"line-height: inherit;\">leuchtend sch\u00f6ne Dame ganz tief im S\u00fcden Europas. Mit seinen Tempeln und Ruinen, Str\u00e4nden und Metropolen, T\u00e4lern, H\u00fcgeln und Vulkanen.\u00a0<\/span><\/p>\n<figure id=\"attachment_473\" aria-describedby=\"caption-attachment-473\" style=\"width: 768px\" class=\"wp-caption aligncenter\"><a href=\"https:\/\/i0.wp.com\/uko7000.com\/wp-content\/uploads\/2017\/06\/2017_Sicilia_I_001.jpg\"><img data-recalc-dims=\"1\" loading=\"lazy\" decoding=\"async\" class=\"wp-image-473 size-large\" src=\"https:\/\/i0.wp.com\/uko7000.com\/wp-content\/uploads\/2017\/06\/2017_Sicilia_I_001-4032x2947.jpg?resize=768%2C561\" alt=\"\" width=\"768\" height=\"561\" srcset=\"https:\/\/i0.wp.com\/uko7000.com\/wp-content\/uploads\/2017\/06\/2017_Sicilia_I_001.jpg?resize=4032%2C2947&amp;ssl=1 4032w, https:\/\/i0.wp.com\/uko7000.com\/wp-content\/uploads\/2017\/06\/2017_Sicilia_I_001.jpg?resize=300%2C219&amp;ssl=1 300w, https:\/\/i0.wp.com\/uko7000.com\/wp-content\/uploads\/2017\/06\/2017_Sicilia_I_001.jpg?resize=768%2C561&amp;ssl=1 768w, https:\/\/i0.wp.com\/uko7000.com\/wp-content\/uploads\/2017\/06\/2017_Sicilia_I_001.jpg?w=1536&amp;ssl=1 1536w, https:\/\/i0.wp.com\/uko7000.com\/wp-content\/uploads\/2017\/06\/2017_Sicilia_I_001.jpg?w=2304&amp;ssl=1 2304w\" sizes=\"auto, (max-width: 768px) 100vw, 768px\" \/><\/a><figcaption id=\"caption-attachment-473\" class=\"wp-caption-text\">Artischocken in voller Bl\u00fcte: Sizilien hat eine lange landwirtschaftliche Tradition<\/figcaption><\/figure>\n<h3>Das Symbol Siziliens &#8211; die Trinacria<\/h3>\n<p><span style=\"line-height: 1.5;\">Das dreibeinige Wahrzeichen, das seit 2000 auch die offizielle Flagge ist, mutet etwas seltsam an &#8211; als h\u00e4tte sich ein hippiesker Designer selbst verwirklicht. Tats\u00e4chlich ist es bereits im Mittelalter e<\/span>ntstanden. Das Rot steht f\u00fcr Palermo, das Gelb f\u00fcr Corleone, die sich im 13. Jahrhundert gegen Karl I.\u00a0<span style=\"line-height: 1.5;\">verb\u00fcndeten<\/span><span style=\"line-height: 1.5;\">\u00a0<\/span><span style=\"line-height: inherit;\">und f\u00fcr ein unabh\u00e4ngiges Sizilien\u00a0<\/span><span style=\"line-height: 1.5;\">k\u00e4mpften<\/span><span style=\"line-height: inherit;\">. Die drei laufenden Beine symbolisieren Sonne und Lebensweg. Der Kopf stellt Ceres, die r\u00f6mische G\u00f6ttin des Ackerbaus dar, deren Weizen\u00e4hren wiederum Fruchtbarkeit\u00a0<\/span><span style=\"line-height: 1.5;\">symbolisieren. Das Trinakria &#8211; Dreikap &#8211; genannte Symbol wurde zum fr\u00fchen Namen f\u00fcr Sizilien mit seinen drei Eckpunkten. Und verfolgt einen heute auf Schritt und Tritt \u00fcber die ganze Insel, vor allem in den Millionen Souvenir- und Keramikl\u00e4den.<\/span><\/p>\n<p><a href=\"https:\/\/i0.wp.com\/uko7000.com\/wp-content\/uploads\/2017\/07\/Sicily-Flag.png\"><img data-recalc-dims=\"1\" loading=\"lazy\" decoding=\"async\" class=\"size-full wp-image-617 aligncenter\" src=\"https:\/\/i0.wp.com\/uko7000.com\/wp-content\/uploads\/2017\/07\/Sicily-Flag.png?resize=768%2C512\" alt=\"\" width=\"768\" height=\"512\" srcset=\"https:\/\/i0.wp.com\/uko7000.com\/wp-content\/uploads\/2017\/07\/Sicily-Flag.png?w=1050&amp;ssl=1 1050w, https:\/\/i0.wp.com\/uko7000.com\/wp-content\/uploads\/2017\/07\/Sicily-Flag.png?resize=300%2C200&amp;ssl=1 300w, https:\/\/i0.wp.com\/uko7000.com\/wp-content\/uploads\/2017\/07\/Sicily-Flag.png?resize=768%2C512&amp;ssl=1 768w\" sizes=\"auto, (max-width: 768px) 100vw, 768px\" \/><\/a><\/p>\n<h3>Von Sciacca nach Palermo<\/h3>\n<p>Traumhafte H\u00fcgellandschaften, t\u00fcrkisfarbene Seen, endlose Felder, einsame Alleen und Weinreben, so weit das Auge reicht: Das fruchtbare Hinterland Siziliens ist reich an Eindr\u00fccken jeglicher Natur.<\/p>\n<figure id=\"attachment_601\" aria-describedby=\"caption-attachment-601\" style=\"width: 768px\" class=\"wp-caption aligncenter\"><a href=\"https:\/\/i0.wp.com\/uko7000.com\/wp-content\/uploads\/2017\/07\/2017_Sicilia_I_085.jpg\"><img data-recalc-dims=\"1\" loading=\"lazy\" decoding=\"async\" class=\"wp-image-601 size-large\" src=\"https:\/\/i0.wp.com\/uko7000.com\/wp-content\/uploads\/2017\/07\/2017_Sicilia_I_085-4032x2688.jpg?resize=768%2C512\" alt=\"\" width=\"768\" height=\"512\" srcset=\"https:\/\/i0.wp.com\/uko7000.com\/wp-content\/uploads\/2017\/07\/2017_Sicilia_I_085.jpg?resize=4032%2C2688&amp;ssl=1 4032w, https:\/\/i0.wp.com\/uko7000.com\/wp-content\/uploads\/2017\/07\/2017_Sicilia_I_085.jpg?resize=300%2C200&amp;ssl=1 300w, https:\/\/i0.wp.com\/uko7000.com\/wp-content\/uploads\/2017\/07\/2017_Sicilia_I_085.jpg?resize=768%2C512&amp;ssl=1 768w, https:\/\/i0.wp.com\/uko7000.com\/wp-content\/uploads\/2017\/07\/2017_Sicilia_I_085.jpg?w=1536&amp;ssl=1 1536w, https:\/\/i0.wp.com\/uko7000.com\/wp-content\/uploads\/2017\/07\/2017_Sicilia_I_085.jpg?w=2304&amp;ssl=1 2304w\" sizes=\"auto, (max-width: 768px) 100vw, 768px\" \/><\/a><figcaption id=\"caption-attachment-601\" class=\"wp-caption-text\">Malerische H\u00fcgellandschaft: Das Dorf Giuliana auf halbem Wege zwischen Sciacca und Corleone<\/figcaption><\/figure>\n<h3>\u00c4tna, Taormina und die Ostk\u00fcste<\/h3>\n<p>Ein Blick zur\u00fcck ins Jahr 2011 &#8211; und ein Sprung direkt an die touristisch st\u00e4rker erschlossene Ostk\u00fcste rund um den aktiven Vulkan \u00c4tna und die Perle Taormina.<\/p>\n<div class=\"jetpack-video-wrapper\"><iframe loading=\"lazy\" width=\"768\" height=\"432\" src=\"https:\/\/www.youtube.com\/embed\/N3DvqHXuhpY?feature=oembed\" frameborder=\"0\" allowfullscreen><\/iframe><\/div>\n<p>ggg<\/p>\n<p>ff<\/p>\n","protected":false},"excerpt":{"rendered":"<p>Einer meiner Alltime-Lieblingsinseln: Sizilien, die gro\u00dfe tragisch-stolze, rebellisch-leidenschaftliche, fruchtbar-t\u00f6dliche,\u00a0mitunter abgrundtief dunkle, vor allem aber\u00a0leuchtend sch\u00f6ne Dame ganz tief im S\u00fcden Europas. Mit seinen Tempeln und Ruinen, Str\u00e4nden und Metropolen, T\u00e4lern, H\u00fcgeln und Vulkanen.\u00a0 Das Symbol Siziliens &#8211; die Trinacria Das dreibeinige Wahrzeichen, das seit 2000 auch die offizielle Flagge ist, mutet etwas seltsam an &#8211; [&hellip;]<\/p>\n","protected":false},"author":1,"featured_media":0,"parent":104,"menu_order":0,"comment_status":"closed","ping_status":"closed","template":"","meta":{"_crdt_document":"","footnotes":""},"class_list":["post-397","page","type-page","status-publish","hentry"],"translation":{"provider":"WPGlobus","version":"3.0.2","language":"en","enabled_languages":["de","en"],"languages":{"de":{"title":true,"content":true,"excerpt":false},"en":{"title":false,"content":false,"excerpt":false}}},"jetpack_sharing_enabled":true,"_links":{"self":[{"href":"https:\/\/uko7000.com\/en\/wp-json\/wp\/v2\/pages\/397","targetHints":{"allow":["GET"]}}],"collection":[{"href":"https:\/\/uko7000.com\/en\/wp-json\/wp\/v2\/pages"}],"about":[{"href":"https:\/\/uko7000.com\/en\/wp-json\/wp\/v2\/types\/page"}],"author":[{"embeddable":true,"href":"https:\/\/uko7000.com\/en\/wp-json\/wp\/v2\/users\/1"}],"replies":[{"embeddable":true,"href":"https:\/\/uko7000.com\/en\/wp-json\/wp\/v2\/comments?post=397"}],"version-history":[{"count":21,"href":"https:\/\/uko7000.com\/en\/wp-json\/wp\/v2\/pages\/397\/revisions"}],"predecessor-version":[{"id":818,"href":"https:\/\/uko7000.com\/en\/wp-json\/wp\/v2\/pages\/397\/revisions\/818"}],"up":[{"embeddable":true,"href":"https:\/\/uko7000.com\/en\/wp-json\/wp\/v2\/pages\/104"}],"wp:attachment":[{"href":"https:\/\/uko7000.com\/en\/wp-json\/wp\/v2\/media?parent=397"}],"curies":[{"name":"wp","href":"https:\/\/api.w.org\/{rel}","templated":true}]}}