{"id":419,"date":"2017-06-13T15:13:43","date_gmt":"2017-06-13T15:13:43","guid":{"rendered":"http:\/\/uko7000.com\/?page_id=419"},"modified":"2018-01-08T17:07:30","modified_gmt":"2018-01-08T17:07:30","slug":"camaguey","status":"publish","type":"page","link":"https:\/\/uko7000.com\/en\/kuba\/camaguey\/","title":{"rendered":"Camaguey"},"content":{"rendered":"<p>Im Gegensatz zu den meisten Touristenzielen liegt Kubas viertgr\u00f6\u00dfte Stadt mitten im Land &#8211; weit weg von jeder K\u00fcste. Und hat vielleicht gerade deshalb einen ganz besonderen Groove.<\/p>\n<figure id=\"attachment_1217\" aria-describedby=\"caption-attachment-1217\" style=\"width: 900px\" class=\"wp-caption alignleft\"><a href=\"https:\/\/i0.wp.com\/uko7000.com\/wp-content\/uploads\/2018\/01\/Cuba_Camaguey_Plaza-de-los-Trabajadores_02.jpg\"><img data-recalc-dims=\"1\" loading=\"lazy\" decoding=\"async\" class=\"wp-image-1217 size-full\" src=\"https:\/\/i0.wp.com\/uko7000.com\/wp-content\/uploads\/2018\/01\/Cuba_Camaguey_Plaza-de-los-Trabajadores_02.jpg?resize=768%2C512\" alt=\"\" width=\"768\" height=\"512\" srcset=\"https:\/\/i0.wp.com\/uko7000.com\/wp-content\/uploads\/2018\/01\/Cuba_Camaguey_Plaza-de-los-Trabajadores_02.jpg?w=900&amp;ssl=1 900w, https:\/\/i0.wp.com\/uko7000.com\/wp-content\/uploads\/2018\/01\/Cuba_Camaguey_Plaza-de-los-Trabajadores_02.jpg?resize=300%2C200&amp;ssl=1 300w, https:\/\/i0.wp.com\/uko7000.com\/wp-content\/uploads\/2018\/01\/Cuba_Camaguey_Plaza-de-los-Trabajadores_02.jpg?resize=768%2C512&amp;ssl=1 768w\" sizes=\"auto, (max-width: 768px) 100vw, 768px\" \/><\/a><figcaption id=\"caption-attachment-1217\" class=\"wp-caption-text\">Strahlend sch\u00f6n und nat\u00fcrlich &#8220;immer bis zum Sieg&#8221;: Die Plaza de los Trabajadores im Herzen Camagueys<\/figcaption><\/figure>\n","protected":false},"excerpt":{"rendered":"<p>Im Gegensatz zu den meisten Touristenzielen liegt Kubas viertgr\u00f6\u00dfte Stadt mitten im Land &#8211; weit weg von jeder K\u00fcste. Und hat vielleicht gerade deshalb einen ganz besonderen Groove.<\/p>\n","protected":false},"author":1,"featured_media":0,"parent":102,"menu_order":0,"comment_status":"closed","ping_status":"closed","template":"","meta":{"_crdt_document":"","footnotes":""},"class_list":["post-419","page","type-page","status-publish","hentry"],"translation":{"provider":"WPGlobus","version":"3.0.2","language":"en","enabled_languages":["de","en"],"languages":{"de":{"title":true,"content":true,"excerpt":false},"en":{"title":false,"content":false,"excerpt":false}}},"jetpack_sharing_enabled":true,"_links":{"self":[{"href":"https:\/\/uko7000.com\/en\/wp-json\/wp\/v2\/pages\/419","targetHints":{"allow":["GET"]}}],"collection":[{"href":"https:\/\/uko7000.com\/en\/wp-json\/wp\/v2\/pages"}],"about":[{"href":"https:\/\/uko7000.com\/en\/wp-json\/wp\/v2\/types\/page"}],"author":[{"embeddable":true,"href":"https:\/\/uko7000.com\/en\/wp-json\/wp\/v2\/users\/1"}],"replies":[{"embeddable":true,"href":"https:\/\/uko7000.com\/en\/wp-json\/wp\/v2\/comments?post=419"}],"version-history":[{"count":4,"href":"https:\/\/uko7000.com\/en\/wp-json\/wp\/v2\/pages\/419\/revisions"}],"predecessor-version":[{"id":1221,"href":"https:\/\/uko7000.com\/en\/wp-json\/wp\/v2\/pages\/419\/revisions\/1221"}],"up":[{"embeddable":true,"href":"https:\/\/uko7000.com\/en\/wp-json\/wp\/v2\/pages\/102"}],"wp:attachment":[{"href":"https:\/\/uko7000.com\/en\/wp-json\/wp\/v2\/media?parent=419"}],"curies":[{"name":"wp","href":"https:\/\/api.w.org\/{rel}","templated":true}]}}