{"id":698,"date":"2017-08-07T13:26:56","date_gmt":"2017-08-07T13:26:56","guid":{"rendered":"http:\/\/uko7000.com\/?page_id=698"},"modified":"2017-08-10T13:43:31","modified_gmt":"2017-08-10T13:43:31","slug":"the-beach-maya-bay","status":"publish","type":"page","link":"https:\/\/uko7000.com\/en\/thailand\/the-beach-maya-bay\/","title":{"rendered":"&#8220;The Beach&#8221; Maya Bay"},"content":{"rendered":"<p>Der Weg von Ko Phi Phis Hauptstrand nach Ko Phi Phi Leh und &#8220;The Beach&#8221; ist l\u00e4nger als gedacht. Vor allem unruhiger.\u00a0Der kleine Einbaum, den der alte Mann mit sehnigen Armen durch die Andamanensee auf die Nebeninsel zusteuert, h\u00fcpft immer wieder munter \u00fcber die Wellen.<\/p>\n<figure id=\"attachment_688\" aria-describedby=\"caption-attachment-688\" style=\"width: 768px\" class=\"wp-caption aligncenter\"><a href=\"https:\/\/i0.wp.com\/uko7000.com\/wp-content\/uploads\/2017\/08\/03-02-2014_Thai_II_36.jpg\"><img data-recalc-dims=\"1\" loading=\"lazy\" decoding=\"async\" class=\"wp-image-688 size-large\" src=\"https:\/\/i0.wp.com\/uko7000.com\/wp-content\/uploads\/2017\/08\/03-02-2014_Thai_II_36-4032x2688.jpg?resize=768%2C512\" alt=\"\" width=\"768\" height=\"512\" srcset=\"https:\/\/i0.wp.com\/uko7000.com\/wp-content\/uploads\/2017\/08\/03-02-2014_Thai_II_36.jpg?resize=4032%2C2688&amp;ssl=1 4032w, https:\/\/i0.wp.com\/uko7000.com\/wp-content\/uploads\/2017\/08\/03-02-2014_Thai_II_36.jpg?resize=300%2C200&amp;ssl=1 300w, https:\/\/i0.wp.com\/uko7000.com\/wp-content\/uploads\/2017\/08\/03-02-2014_Thai_II_36.jpg?resize=768%2C512&amp;ssl=1 768w, https:\/\/i0.wp.com\/uko7000.com\/wp-content\/uploads\/2017\/08\/03-02-2014_Thai_II_36.jpg?w=1536&amp;ssl=1 1536w, https:\/\/i0.wp.com\/uko7000.com\/wp-content\/uploads\/2017\/08\/03-02-2014_Thai_II_36.jpg?w=2304&amp;ssl=1 2304w\" sizes=\"auto, (max-width: 768px) 100vw, 768px\" \/><\/a><figcaption id=\"caption-attachment-688\" class=\"wp-caption-text\">Unser Private Captain f\u00fcr die halbt\u00e4gige Inseltour: ein liebenswerter Thai-Opi ohne Englisch-Kenntnisse<\/figcaption><\/figure>\n<p>Am Horizont ziehen schon wieder verd\u00e4chtig graue Wolken auf. Unwillk\u00fcrlich krallen wir uns etwas fester an den Sitzen aus\u00a0groben\u00a0Holzlatten im Inneren des schwankenden Bootes. Nach gut einer halben Stunde erreichen wir Ko Phi Phi Leh, die uns mit hohen, nackten Felsen zun\u00e4chst eher unfreundlich begr\u00fc\u00dft. Doch sobald unser Privatkapit\u00e4n sein Boot um die Felsen herum steuert, beginnt der Zauber zu wirken. Zwischen einer Felseneinfahrt hindurch erreichen wir DEN STRAND: Maya Bay.<\/p>\n<figure id=\"attachment_676\" aria-describedby=\"caption-attachment-676\" style=\"width: 768px\" class=\"wp-caption aligncenter\"><a href=\"https:\/\/i0.wp.com\/uko7000.com\/wp-content\/uploads\/2017\/08\/03-07-Thai-II-50.jpg\"><img data-recalc-dims=\"1\" loading=\"lazy\" decoding=\"async\" class=\"wp-image-676 size-large\" src=\"https:\/\/i0.wp.com\/uko7000.com\/wp-content\/uploads\/2017\/08\/03-07-Thai-II-50-4032x2688.jpg?resize=768%2C512\" alt=\"\" width=\"768\" height=\"512\" srcset=\"https:\/\/i0.wp.com\/uko7000.com\/wp-content\/uploads\/2017\/08\/03-07-Thai-II-50.jpg?resize=4032%2C2688&amp;ssl=1 4032w, https:\/\/i0.wp.com\/uko7000.com\/wp-content\/uploads\/2017\/08\/03-07-Thai-II-50.jpg?resize=300%2C200&amp;ssl=1 300w, https:\/\/i0.wp.com\/uko7000.com\/wp-content\/uploads\/2017\/08\/03-07-Thai-II-50.jpg?resize=768%2C512&amp;ssl=1 768w, https:\/\/i0.wp.com\/uko7000.com\/wp-content\/uploads\/2017\/08\/03-07-Thai-II-50.jpg?w=1536&amp;ssl=1 1536w, https:\/\/i0.wp.com\/uko7000.com\/wp-content\/uploads\/2017\/08\/03-07-Thai-II-50.jpg?w=2304&amp;ssl=1 2304w\" sizes=\"auto, (max-width: 768px) 100vw, 768px\" \/><\/a><figcaption id=\"caption-attachment-676\" class=\"wp-caption-text\">Auf den Spuren Di Caprios: &#8220;The Beach&#8221; Maya Bay<\/figcaption><\/figure>\n<p>Zwischen den zahllosen Booten navigiert unser Captain in Richtung Strand.\u00a0Die letzten Meter laufen wir.\u00a0T\u00fcrkisfarbenes Wasser schwappt sachte an den schneewei\u00dfen Strand. Wir haben Gl\u00fcck und ein Zeitfenster erwischt, in dem viele der gr\u00f6\u00dferen Ausflugsboote gerade wieder abfahren. Pl\u00f6tzlich wird es ruhig. Wir laufen durch ein paar B\u00e4ume zur anderen Seite der Insel und gleich wieder zur\u00fcck, breiten unsere Handt\u00fccher aus und setzen uns wie Leonardo Di Caprio an den Strand. Das Wetter scheint zu halten. P\u00e4rchen knipsen Selfies. Eine Gruppe koreanischer Frauen aller Altersstufen planscht kreischend im Wasser. Ein paar durchsichtige, verst\u00e4ndnislose Fische weichen kopfsch\u00fcttelnd aus.<\/p>\n<h3>Der mit den Fischen tanzt<\/h3>\n<p>Gegen\u00fcber von Maya Bay, also auf der anderen Seite der Ko Phi Phi Ley, liegt die Bucht Loh Samah Bay. Hier l\u00e4sst uns der Thai-Captain eine halbe Stunde mit den Fischen baden. Wie viele andere auch, weshalb man etwas aufpassen sollte, den von Dieselmotoren gepowerten, an langen Stangen hinter dem Boot ins Wasser h\u00e4ngenden Bootsschrauben nicht zu nahe zu kommen.<\/p>\n<div class=\"jetpack-video-wrapper\"><iframe loading=\"lazy\" width=\"768\" height=\"432\" src=\"https:\/\/www.youtube.com\/embed\/cDVMwAzhtfc?feature=oembed\" frameborder=\"0\" allowfullscreen><\/iframe><\/div>\n<p>ff<\/p>\n","protected":false},"excerpt":{"rendered":"<p>Der Weg von Ko Phi Phis Hauptstrand nach Ko Phi Phi Leh und &#8220;The Beach&#8221; ist l\u00e4nger als gedacht. Vor allem unruhiger.\u00a0Der kleine Einbaum, den der alte Mann mit sehnigen Armen durch die Andamanensee auf die Nebeninsel zusteuert, h\u00fcpft immer wieder munter \u00fcber die Wellen. Am Horizont ziehen schon wieder verd\u00e4chtig graue Wolken auf. Unwillk\u00fcrlich [&hellip;]<\/p>\n","protected":false},"author":1,"featured_media":0,"parent":453,"menu_order":0,"comment_status":"closed","ping_status":"closed","template":"","meta":{"_crdt_document":"","footnotes":""},"class_list":["post-698","page","type-page","status-publish","hentry"],"translation":{"provider":"WPGlobus","version":"3.0.2","language":"en","enabled_languages":["de","en"],"languages":{"de":{"title":true,"content":true,"excerpt":false},"en":{"title":false,"content":false,"excerpt":false}}},"jetpack_sharing_enabled":true,"_links":{"self":[{"href":"https:\/\/uko7000.com\/en\/wp-json\/wp\/v2\/pages\/698","targetHints":{"allow":["GET"]}}],"collection":[{"href":"https:\/\/uko7000.com\/en\/wp-json\/wp\/v2\/pages"}],"about":[{"href":"https:\/\/uko7000.com\/en\/wp-json\/wp\/v2\/types\/page"}],"author":[{"embeddable":true,"href":"https:\/\/uko7000.com\/en\/wp-json\/wp\/v2\/users\/1"}],"replies":[{"embeddable":true,"href":"https:\/\/uko7000.com\/en\/wp-json\/wp\/v2\/comments?post=698"}],"version-history":[{"count":9,"href":"https:\/\/uko7000.com\/en\/wp-json\/wp\/v2\/pages\/698\/revisions"}],"predecessor-version":[{"id":711,"href":"https:\/\/uko7000.com\/en\/wp-json\/wp\/v2\/pages\/698\/revisions\/711"}],"up":[{"embeddable":true,"href":"https:\/\/uko7000.com\/en\/wp-json\/wp\/v2\/pages\/453"}],"wp:attachment":[{"href":"https:\/\/uko7000.com\/en\/wp-json\/wp\/v2\/media?parent=698"}],"curies":[{"name":"wp","href":"https:\/\/api.w.org\/{rel}","templated":true}]}}