{"id":769,"date":"2017-08-18T14:52:55","date_gmt":"2017-08-18T14:52:55","guid":{"rendered":"http:\/\/uko7000.com\/?page_id=769"},"modified":"2017-08-18T14:52:58","modified_gmt":"2017-08-18T14:52:58","slug":"korsika","status":"publish","type":"page","link":"https:\/\/uko7000.com\/en\/frankreich\/korsika\/","title":{"rendered":"Korsika"},"content":{"rendered":"<p>Zwischen Elba und Sardinien, 180 km vom Mutterland Frankreich entfernt, liegt eine der sch\u00f6nsten und kontrastreichsten Inseln des Mittelmeers. Korsika wird auch das\u00a0&#8220;Gebirge im Meer&#8221; genannt: Mehr als 120 Zweitausender, angef\u00fchrt vom stolzen Monte Cinto mit beachtlichen 2.706 Metern H\u00f6he, ziehen sich von Norden nach S\u00fcden in leicht geschwungener S-Form \u00fcber die 183 Kilometer lange und 83 Kilometer breite Insel.<\/p>\n<p><a href=\"https:\/\/i0.wp.com\/uko7000.com\/wp-content\/uploads\/2017\/08\/Solenzara_01.jpg\"><img data-recalc-dims=\"1\" loading=\"lazy\" decoding=\"async\" class=\"size-large wp-image-746 aligncenter\" src=\"https:\/\/i0.wp.com\/uko7000.com\/wp-content\/uploads\/2017\/08\/Solenzara_01-4032x2688.jpg?resize=768%2C512\" alt=\"\" width=\"768\" height=\"512\" srcset=\"https:\/\/i0.wp.com\/uko7000.com\/wp-content\/uploads\/2017\/08\/Solenzara_01.jpg?resize=4032%2C2688&amp;ssl=1 4032w, https:\/\/i0.wp.com\/uko7000.com\/wp-content\/uploads\/2017\/08\/Solenzara_01.jpg?resize=300%2C200&amp;ssl=1 300w, https:\/\/i0.wp.com\/uko7000.com\/wp-content\/uploads\/2017\/08\/Solenzara_01.jpg?resize=768%2C512&amp;ssl=1 768w, https:\/\/i0.wp.com\/uko7000.com\/wp-content\/uploads\/2017\/08\/Solenzara_01.jpg?w=1536&amp;ssl=1 1536w, https:\/\/i0.wp.com\/uko7000.com\/wp-content\/uploads\/2017\/08\/Solenzara_01.jpg?w=2304&amp;ssl=1 2304w\" sizes=\"auto, (max-width: 768px) 100vw, 768px\" \/><\/a><\/p>\n<p>ddd<\/p>\n<p><a href=\"https:\/\/i0.wp.com\/uko7000.com\/wp-content\/uploads\/2017\/08\/PI8A1901.jpg\"><img data-recalc-dims=\"1\" loading=\"lazy\" decoding=\"async\" class=\"size-large wp-image-745 aligncenter\" src=\"https:\/\/i0.wp.com\/uko7000.com\/wp-content\/uploads\/2017\/08\/PI8A1901-4032x2688.jpg?resize=768%2C512\" alt=\"\" width=\"768\" height=\"512\" srcset=\"https:\/\/i0.wp.com\/uko7000.com\/wp-content\/uploads\/2017\/08\/PI8A1901.jpg?resize=4032%2C2688&amp;ssl=1 4032w, https:\/\/i0.wp.com\/uko7000.com\/wp-content\/uploads\/2017\/08\/PI8A1901.jpg?resize=300%2C200&amp;ssl=1 300w, https:\/\/i0.wp.com\/uko7000.com\/wp-content\/uploads\/2017\/08\/PI8A1901.jpg?resize=768%2C512&amp;ssl=1 768w, https:\/\/i0.wp.com\/uko7000.com\/wp-content\/uploads\/2017\/08\/PI8A1901.jpg?w=1536&amp;ssl=1 1536w, https:\/\/i0.wp.com\/uko7000.com\/wp-content\/uploads\/2017\/08\/PI8A1901.jpg?w=2304&amp;ssl=1 2304w\" sizes=\"auto, (max-width: 768px) 100vw, 768px\" \/><\/a><\/p>\n<p>fff<\/p>\n<p>hhh<\/p>\n","protected":false},"excerpt":{"rendered":"<p>Zwischen Elba und Sardinien, 180 km vom Mutterland Frankreich entfernt, liegt eine der sch\u00f6nsten und kontrastreichsten Inseln des Mittelmeers. Korsika wird auch das\u00a0&#8220;Gebirge im Meer&#8221; genannt: Mehr als 120 Zweitausender, angef\u00fchrt vom stolzen Monte Cinto mit beachtlichen 2.706 Metern H\u00f6he, ziehen sich von Norden nach S\u00fcden in leicht geschwungener S-Form \u00fcber die 183 Kilometer lange [&hellip;]<\/p>\n","protected":false},"author":1,"featured_media":0,"parent":446,"menu_order":0,"comment_status":"closed","ping_status":"closed","template":"","meta":{"_crdt_document":"","footnotes":""},"class_list":["post-769","page","type-page","status-publish","hentry"],"translation":{"provider":"WPGlobus","version":"3.0.2","language":"en","enabled_languages":["de","en"],"languages":{"de":{"title":true,"content":true,"excerpt":false},"en":{"title":false,"content":false,"excerpt":false}}},"jetpack_sharing_enabled":true,"_links":{"self":[{"href":"https:\/\/uko7000.com\/en\/wp-json\/wp\/v2\/pages\/769","targetHints":{"allow":["GET"]}}],"collection":[{"href":"https:\/\/uko7000.com\/en\/wp-json\/wp\/v2\/pages"}],"about":[{"href":"https:\/\/uko7000.com\/en\/wp-json\/wp\/v2\/types\/page"}],"author":[{"embeddable":true,"href":"https:\/\/uko7000.com\/en\/wp-json\/wp\/v2\/users\/1"}],"replies":[{"embeddable":true,"href":"https:\/\/uko7000.com\/en\/wp-json\/wp\/v2\/comments?post=769"}],"version-history":[{"count":4,"href":"https:\/\/uko7000.com\/en\/wp-json\/wp\/v2\/pages\/769\/revisions"}],"predecessor-version":[{"id":773,"href":"https:\/\/uko7000.com\/en\/wp-json\/wp\/v2\/pages\/769\/revisions\/773"}],"up":[{"embeddable":true,"href":"https:\/\/uko7000.com\/en\/wp-json\/wp\/v2\/pages\/446"}],"wp:attachment":[{"href":"https:\/\/uko7000.com\/en\/wp-json\/wp\/v2\/media?parent=769"}],"curies":[{"name":"wp","href":"https:\/\/api.w.org\/{rel}","templated":true}]}}